{"id":893,"date":"2021-07-02T13:01:12","date_gmt":"2021-07-02T13:01:12","guid":{"rendered":"https:\/\/www.slotfrans.nl\/welcome\/"},"modified":"2022-04-19T13:44:34","modified_gmt":"2022-04-19T13:44:34","slug":"welcome","status":"publish","type":"page","link":"https:\/\/www.slotfrans.nl\/es\/","title":{"rendered":"Bienvenidos"},"content":{"rendered":"<p>En Slot Frans &amp; Co. vendemos y enviamos diariamente productos de alimentaci\u00f3n desde hace m\u00e1s de 100 a\u00f1os. Servimos a nuestros clientes en todo el mundo con una amplia gama de productos alimenticios. Nuestros productos principales son papas, cebollas, ajo y papas fritas, pero tambi\u00e9n hay una demanda creciente de todo tipo de otros productos como pollo, cacahuete, arroz,\u00a0 zanahorias, legumbres, frijoles, etc.<\/p>\n<p>Nuestro equipo est\u00e1 siempre listo para servirle lo mejor posible. Debido a nuestro enfoque en el servicio y la calidad, a los clientes les gusta volver a nosotros.<\/p>\n","protected":false},"excerpt":{"rendered":"<p>En Slot Frans &amp; Co. vendemos y enviamos diariamente productos de alimentaci\u00f3n desde hace m\u00e1s de 100 a\u00f1os. Servimos a nuestros clientes en todo el mundo con una amplia gama de productos alimenticios. Nuestros productos principales son papas, cebollas, ajo y papas fritas, pero tambi\u00e9n hay una demanda creciente de todo tipo de otros productos [&hellip;]<\/p>\n","protected":false},"author":1,"featured_media":722,"parent":0,"menu_order":0,"comment_status":"closed","ping_status":"closed","template":"","meta":{"footnotes":""},"class_list":["post-893","page","type-page","status-publish","has-post-thumbnail","hentry"],"yoast_head":"<!-- This site is optimized with the Yoast SEO plugin v18.3 - https:\/\/yoast.com\/wordpress\/plugins\/seo\/ -->\n<title>Bienvenidos - Slot Frans &amp; Co. B.V.<\/title>\n<meta name=\"robots\" content=\"index, follow, max-snippet:-1, max-image-preview:large, max-video-preview:-1\" \/>\n<link rel=\"canonical\" href=\"https:\/\/www.slotfrans.nl\/es\/\" \/>\n<meta property=\"og:locale\" content=\"es_ES\" \/>\n<meta property=\"og:type\" content=\"article\" \/>\n<meta property=\"og:title\" content=\"Bienvenidos - Slot Frans &amp; Co. B.V.\" \/>\n<meta property=\"og:description\" content=\"En Slot Frans &amp; Co. vendemos y enviamos diariamente productos de alimentaci\u00f3n desde hace m\u00e1s de 100 a\u00f1os. Servimos a nuestros clientes en todo el mundo con una amplia gama de productos alimenticios. Nuestros productos principales son papas, cebollas, ajo y papas fritas, pero tambi\u00e9n hay una demanda creciente de todo tipo de otros productos [&hellip;]\" \/>\n<meta property=\"og:url\" content=\"https:\/\/www.slotfrans.nl\/es\/\" \/>\n<meta property=\"og:site_name\" content=\"Slot Frans &amp; Co. B.V.\" \/>\n<meta property=\"article:modified_time\" content=\"2022-04-19T13:44:34+00:00\" \/>\n<meta property=\"og:image\" content=\"https:\/\/www.slotfrans.nl\/wp-content\/uploads\/2022\/01\/Artboard-\u2013-72.png\" \/>\n\t<meta property=\"og:image:width\" content=\"800\" \/>\n\t<meta property=\"og:image:height\" content=\"624\" \/>\n\t<meta property=\"og:image:type\" content=\"image\/png\" \/>\n<meta name=\"twitter:card\" content=\"summary_large_image\" \/>\n<script type=\"application\/ld+json\" class=\"yoast-schema-graph\">{\"@context\":\"https:\/\/schema.org\",\"@graph\":[{\"@type\":\"WebSite\",\"@id\":\"https:\/\/www.slotfrans.nl\/#website\",\"url\":\"https:\/\/www.slotfrans.nl\/\",\"name\":\"Slot Frans &amp; Co. B.V.\",\"description\":\"Worldwide export of agricultural produce and food commodity trading\",\"potentialAction\":[{\"@type\":\"SearchAction\",\"target\":{\"@type\":\"EntryPoint\",\"urlTemplate\":\"https:\/\/www.slotfrans.nl\/?s={search_term_string}\"},\"query-input\":\"required name=search_term_string\"}],\"inLanguage\":\"es\"},{\"@type\":\"ImageObject\",\"@id\":\"https:\/\/www.slotfrans.nl\/es\/#primaryimage\",\"inLanguage\":\"es\",\"url\":\"https:\/\/www.slotfrans.nl\/wp-content\/uploads\/2022\/01\/Artboard-\u2013-72.png\",\"contentUrl\":\"https:\/\/www.slotfrans.nl\/wp-content\/uploads\/2022\/01\/Artboard-\u2013-72.png\",\"width\":800,\"height\":624},{\"@type\":\"WebPage\",\"@id\":\"https:\/\/www.slotfrans.nl\/es\/#webpage\",\"url\":\"https:\/\/www.slotfrans.nl\/es\/\",\"name\":\"Bienvenidos - Slot Frans &amp; Co. B.V.\",\"isPartOf\":{\"@id\":\"https:\/\/www.slotfrans.nl\/#website\"},\"primaryImageOfPage\":{\"@id\":\"https:\/\/www.slotfrans.nl\/es\/#primaryimage\"},\"datePublished\":\"2021-07-02T13:01:12+00:00\",\"dateModified\":\"2022-04-19T13:44:34+00:00\",\"breadcrumb\":{\"@id\":\"https:\/\/www.slotfrans.nl\/es\/#breadcrumb\"},\"inLanguage\":\"es\",\"potentialAction\":[{\"@type\":\"ReadAction\",\"target\":[\"https:\/\/www.slotfrans.nl\/es\/\"]}]},{\"@type\":\"BreadcrumbList\",\"@id\":\"https:\/\/www.slotfrans.nl\/es\/#breadcrumb\",\"itemListElement\":[{\"@type\":\"ListItem\",\"position\":1,\"name\":\"Home\",\"item\":\"https:\/\/www.slotfrans.nl\/es\/\"},{\"@type\":\"ListItem\",\"position\":2,\"name\":\"Bienvenidos\"}]}]}<\/script>\n<!-- \/ Yoast SEO plugin. -->","yoast_head_json":{"title":"Bienvenidos - Slot Frans &amp; Co. B.V.","robots":{"index":"index","follow":"follow","max-snippet":"max-snippet:-1","max-image-preview":"max-image-preview:large","max-video-preview":"max-video-preview:-1"},"canonical":"https:\/\/www.slotfrans.nl\/es\/","og_locale":"es_ES","og_type":"article","og_title":"Bienvenidos - Slot Frans &amp; Co. B.V.","og_description":"En Slot Frans &amp; Co. vendemos y enviamos diariamente productos de alimentaci\u00f3n desde hace m\u00e1s de 100 a\u00f1os. Servimos a nuestros clientes en todo el mundo con una amplia gama de productos alimenticios. Nuestros productos principales son papas, cebollas, ajo y papas fritas, pero tambi\u00e9n hay una demanda creciente de todo tipo de otros productos [&hellip;]","og_url":"https:\/\/www.slotfrans.nl\/es\/","og_site_name":"Slot Frans &amp; Co. B.V.","article_modified_time":"2022-04-19T13:44:34+00:00","og_image":[{"width":800,"height":624,"url":"https:\/\/www.slotfrans.nl\/wp-content\/uploads\/2022\/01\/Artboard-\u2013-72.png","type":"image\/png"}],"twitter_card":"summary_large_image","schema":{"@context":"https:\/\/schema.org","@graph":[{"@type":"WebSite","@id":"https:\/\/www.slotfrans.nl\/#website","url":"https:\/\/www.slotfrans.nl\/","name":"Slot Frans &amp; Co. B.V.","description":"Worldwide export of agricultural produce and food commodity trading","potentialAction":[{"@type":"SearchAction","target":{"@type":"EntryPoint","urlTemplate":"https:\/\/www.slotfrans.nl\/?s={search_term_string}"},"query-input":"required name=search_term_string"}],"inLanguage":"es"},{"@type":"ImageObject","@id":"https:\/\/www.slotfrans.nl\/es\/#primaryimage","inLanguage":"es","url":"https:\/\/www.slotfrans.nl\/wp-content\/uploads\/2022\/01\/Artboard-\u2013-72.png","contentUrl":"https:\/\/www.slotfrans.nl\/wp-content\/uploads\/2022\/01\/Artboard-\u2013-72.png","width":800,"height":624},{"@type":"WebPage","@id":"https:\/\/www.slotfrans.nl\/es\/#webpage","url":"https:\/\/www.slotfrans.nl\/es\/","name":"Bienvenidos - Slot Frans &amp; Co. B.V.","isPartOf":{"@id":"https:\/\/www.slotfrans.nl\/#website"},"primaryImageOfPage":{"@id":"https:\/\/www.slotfrans.nl\/es\/#primaryimage"},"datePublished":"2021-07-02T13:01:12+00:00","dateModified":"2022-04-19T13:44:34+00:00","breadcrumb":{"@id":"https:\/\/www.slotfrans.nl\/es\/#breadcrumb"},"inLanguage":"es","potentialAction":[{"@type":"ReadAction","target":["https:\/\/www.slotfrans.nl\/es\/"]}]},{"@type":"BreadcrumbList","@id":"https:\/\/www.slotfrans.nl\/es\/#breadcrumb","itemListElement":[{"@type":"ListItem","position":1,"name":"Home","item":"https:\/\/www.slotfrans.nl\/es\/"},{"@type":"ListItem","position":2,"name":"Bienvenidos"}]}]}},"acf":[],"_links":{"self":[{"href":"https:\/\/www.slotfrans.nl\/es\/wp-json\/wp\/v2\/pages\/893","targetHints":{"allow":["GET"]}}],"collection":[{"href":"https:\/\/www.slotfrans.nl\/es\/wp-json\/wp\/v2\/pages"}],"about":[{"href":"https:\/\/www.slotfrans.nl\/es\/wp-json\/wp\/v2\/types\/page"}],"author":[{"embeddable":true,"href":"https:\/\/www.slotfrans.nl\/es\/wp-json\/wp\/v2\/users\/1"}],"replies":[{"embeddable":true,"href":"https:\/\/www.slotfrans.nl\/es\/wp-json\/wp\/v2\/comments?post=893"}],"version-history":[{"count":7,"href":"https:\/\/www.slotfrans.nl\/es\/wp-json\/wp\/v2\/pages\/893\/revisions"}],"predecessor-version":[{"id":1481,"href":"https:\/\/www.slotfrans.nl\/es\/wp-json\/wp\/v2\/pages\/893\/revisions\/1481"}],"wp:featuredmedia":[{"embeddable":true,"href":"https:\/\/www.slotfrans.nl\/es\/wp-json\/wp\/v2\/media\/722"}],"wp:attachment":[{"href":"https:\/\/www.slotfrans.nl\/es\/wp-json\/wp\/v2\/media?parent=893"}],"curies":[{"name":"wp","href":"https:\/\/api.w.org\/{rel}","templated":true}]}}