{"id":915,"date":"2021-07-02T13:01:12","date_gmt":"2021-07-02T13:01:12","guid":{"rendered":"https:\/\/www.slotfrans.nl\/about-us\/"},"modified":"2022-04-19T13:46:00","modified_gmt":"2022-04-19T13:46:00","slug":"quienes-somos","status":"publish","type":"page","link":"https:\/\/www.slotfrans.nl\/es\/quienes-somos\/","title":{"rendered":"Qui\u00e9nes somos"},"content":{"rendered":"<p>Slot Frans &amp; Co. B.V., fundada en 1918, es una empresa comercial confiable y con mucha experiencia que cuenta con una red mundial de proveedores, clientes y socios comerciales de log\u00edstica. Nuestra empresa est\u00e1 especializada en el comercio exterior (exportaci\u00f3n\/importaci\u00f3n\/tr\u00e1nsito) de productos agr\u00edcolas y hort\u00edcolas. Nuestros principales productos son papas de mesa, cebollas, ajos, papas de siembra, cacahuates y papas fritas congeladas. Exportamos e importamos productos a m\u00e1s de 50 pa\u00edses en todo el mundo. Am\u00e9rica Latina, el Caribe, \u00c1frica Occidental y Asia son nuestras principales \u00e1reas de ventas. Nuestra oficina central est\u00e1 situada en &#8216;s-Gravenpolder, en la parte suroeste de los Pa\u00edses Bajos.<\/p>\n<p>&nbsp;<\/p>\n","protected":false},"excerpt":{"rendered":"<p>Slot Frans &amp; Co. B.V., fundada en 1918, es una empresa comercial confiable y con mucha experiencia que cuenta con una red mundial de proveedores, clientes y socios comerciales de log\u00edstica. Nuestra empresa est\u00e1 especializada en el comercio exterior (exportaci\u00f3n\/importaci\u00f3n\/tr\u00e1nsito) de productos agr\u00edcolas y hort\u00edcolas. Nuestros principales productos son papas de mesa, cebollas, ajos, papas [&hellip;]<\/p>\n","protected":false},"author":1,"featured_media":572,"parent":0,"menu_order":1,"comment_status":"closed","ping_status":"closed","template":"","meta":{"footnotes":""},"class_list":["post-915","page","type-page","status-publish","has-post-thumbnail","hentry"],"yoast_head":"<!-- This site is optimized with the Yoast SEO plugin v18.3 - https:\/\/yoast.com\/wordpress\/plugins\/seo\/ -->\n<title>Qui\u00e9nes somos - Slot Frans &amp; Co. B.V.<\/title>\n<meta name=\"description\" content=\"Slot Frans &amp; Co. B.V. est\u00e1 especializada en el comercio exterior (exportaci\u00f3n\/importaci\u00f3n\/tr\u00e1nsito) de productos agr\u00edcolas y hort\u00edcolas.\" \/>\n<meta name=\"robots\" content=\"index, follow, max-snippet:-1, max-image-preview:large, max-video-preview:-1\" \/>\n<link rel=\"canonical\" href=\"https:\/\/www.slotfrans.nl\/es\/quienes-somos\/\" \/>\n<meta property=\"og:locale\" content=\"es_ES\" \/>\n<meta property=\"og:type\" content=\"article\" \/>\n<meta property=\"og:title\" content=\"Qui\u00e9nes somos - Slot Frans &amp; Co. B.V.\" \/>\n<meta property=\"og:description\" content=\"Slot Frans &amp; Co. B.V. est\u00e1 especializada en el comercio exterior (exportaci\u00f3n\/importaci\u00f3n\/tr\u00e1nsito) de productos agr\u00edcolas y hort\u00edcolas.\" \/>\n<meta property=\"og:url\" content=\"https:\/\/www.slotfrans.nl\/es\/quienes-somos\/\" \/>\n<meta property=\"og:site_name\" content=\"Slot Frans &amp; Co. B.V.\" \/>\n<meta property=\"article:modified_time\" content=\"2022-04-19T13:46:00+00:00\" \/>\n<meta property=\"og:image\" content=\"https:\/\/www.slotfrans.nl\/wp-content\/uploads\/2022\/01\/Website-Onions-tegel-1.jpeg\" \/>\n\t<meta property=\"og:image:width\" content=\"1920\" \/>\n\t<meta property=\"og:image:height\" content=\"1440\" \/>\n\t<meta property=\"og:image:type\" content=\"image\/jpeg\" \/>\n<meta name=\"twitter:card\" content=\"summary_large_image\" \/>\n<meta name=\"twitter:label1\" content=\"Tiempo de lectura\" \/>\n\t<meta name=\"twitter:data1\" content=\"1 minuto\" \/>\n<script type=\"application\/ld+json\" class=\"yoast-schema-graph\">{\"@context\":\"https:\/\/schema.org\",\"@graph\":[{\"@type\":\"WebSite\",\"@id\":\"https:\/\/www.slotfrans.nl\/#website\",\"url\":\"https:\/\/www.slotfrans.nl\/\",\"name\":\"Slot Frans &amp; Co. B.V.\",\"description\":\"Worldwide export of agricultural produce and food commodity trading\",\"potentialAction\":[{\"@type\":\"SearchAction\",\"target\":{\"@type\":\"EntryPoint\",\"urlTemplate\":\"https:\/\/www.slotfrans.nl\/?s={search_term_string}\"},\"query-input\":\"required name=search_term_string\"}],\"inLanguage\":\"es\"},{\"@type\":\"ImageObject\",\"@id\":\"https:\/\/www.slotfrans.nl\/es\/quienes-somos\/#primaryimage\",\"inLanguage\":\"es\",\"url\":\"https:\/\/www.slotfrans.nl\/wp-content\/uploads\/2022\/01\/Website-Onions-tegel-1.jpeg\",\"contentUrl\":\"https:\/\/www.slotfrans.nl\/wp-content\/uploads\/2022\/01\/Website-Onions-tegel-1.jpeg\",\"width\":1920,\"height\":1440},{\"@type\":\"WebPage\",\"@id\":\"https:\/\/www.slotfrans.nl\/es\/quienes-somos\/#webpage\",\"url\":\"https:\/\/www.slotfrans.nl\/es\/quienes-somos\/\",\"name\":\"Qui\u00e9nes somos - Slot Frans &amp; Co. B.V.\",\"isPartOf\":{\"@id\":\"https:\/\/www.slotfrans.nl\/#website\"},\"primaryImageOfPage\":{\"@id\":\"https:\/\/www.slotfrans.nl\/es\/quienes-somos\/#primaryimage\"},\"datePublished\":\"2021-07-02T13:01:12+00:00\",\"dateModified\":\"2022-04-19T13:46:00+00:00\",\"description\":\"Slot Frans & Co. B.V. est\u00e1 especializada en el comercio exterior (exportaci\u00f3n\/importaci\u00f3n\/tr\u00e1nsito) de productos agr\u00edcolas y hort\u00edcolas.\",\"breadcrumb\":{\"@id\":\"https:\/\/www.slotfrans.nl\/es\/quienes-somos\/#breadcrumb\"},\"inLanguage\":\"es\",\"potentialAction\":[{\"@type\":\"ReadAction\",\"target\":[\"https:\/\/www.slotfrans.nl\/es\/quienes-somos\/\"]}]},{\"@type\":\"BreadcrumbList\",\"@id\":\"https:\/\/www.slotfrans.nl\/es\/quienes-somos\/#breadcrumb\",\"itemListElement\":[{\"@type\":\"ListItem\",\"position\":1,\"name\":\"Home\",\"item\":\"https:\/\/www.slotfrans.nl\/es\/\"},{\"@type\":\"ListItem\",\"position\":2,\"name\":\"Qui\u00e9nes somos\"}]}]}<\/script>\n<!-- \/ Yoast SEO plugin. -->","yoast_head_json":{"title":"Qui\u00e9nes somos - Slot Frans &amp; Co. B.V.","description":"Slot Frans & Co. B.V. est\u00e1 especializada en el comercio exterior (exportaci\u00f3n\/importaci\u00f3n\/tr\u00e1nsito) de productos agr\u00edcolas y hort\u00edcolas.","robots":{"index":"index","follow":"follow","max-snippet":"max-snippet:-1","max-image-preview":"max-image-preview:large","max-video-preview":"max-video-preview:-1"},"canonical":"https:\/\/www.slotfrans.nl\/es\/quienes-somos\/","og_locale":"es_ES","og_type":"article","og_title":"Qui\u00e9nes somos - Slot Frans &amp; Co. B.V.","og_description":"Slot Frans & Co. B.V. est\u00e1 especializada en el comercio exterior (exportaci\u00f3n\/importaci\u00f3n\/tr\u00e1nsito) de productos agr\u00edcolas y hort\u00edcolas.","og_url":"https:\/\/www.slotfrans.nl\/es\/quienes-somos\/","og_site_name":"Slot Frans &amp; Co. B.V.","article_modified_time":"2022-04-19T13:46:00+00:00","og_image":[{"width":1920,"height":1440,"url":"https:\/\/www.slotfrans.nl\/wp-content\/uploads\/2022\/01\/Website-Onions-tegel-1.jpeg","type":"image\/jpeg"}],"twitter_card":"summary_large_image","twitter_misc":{"Tiempo de lectura":"1 minuto"},"schema":{"@context":"https:\/\/schema.org","@graph":[{"@type":"WebSite","@id":"https:\/\/www.slotfrans.nl\/#website","url":"https:\/\/www.slotfrans.nl\/","name":"Slot Frans &amp; Co. B.V.","description":"Worldwide export of agricultural produce and food commodity trading","potentialAction":[{"@type":"SearchAction","target":{"@type":"EntryPoint","urlTemplate":"https:\/\/www.slotfrans.nl\/?s={search_term_string}"},"query-input":"required name=search_term_string"}],"inLanguage":"es"},{"@type":"ImageObject","@id":"https:\/\/www.slotfrans.nl\/es\/quienes-somos\/#primaryimage","inLanguage":"es","url":"https:\/\/www.slotfrans.nl\/wp-content\/uploads\/2022\/01\/Website-Onions-tegel-1.jpeg","contentUrl":"https:\/\/www.slotfrans.nl\/wp-content\/uploads\/2022\/01\/Website-Onions-tegel-1.jpeg","width":1920,"height":1440},{"@type":"WebPage","@id":"https:\/\/www.slotfrans.nl\/es\/quienes-somos\/#webpage","url":"https:\/\/www.slotfrans.nl\/es\/quienes-somos\/","name":"Qui\u00e9nes somos - Slot Frans &amp; Co. B.V.","isPartOf":{"@id":"https:\/\/www.slotfrans.nl\/#website"},"primaryImageOfPage":{"@id":"https:\/\/www.slotfrans.nl\/es\/quienes-somos\/#primaryimage"},"datePublished":"2021-07-02T13:01:12+00:00","dateModified":"2022-04-19T13:46:00+00:00","description":"Slot Frans & Co. B.V. est\u00e1 especializada en el comercio exterior (exportaci\u00f3n\/importaci\u00f3n\/tr\u00e1nsito) de productos agr\u00edcolas y hort\u00edcolas.","breadcrumb":{"@id":"https:\/\/www.slotfrans.nl\/es\/quienes-somos\/#breadcrumb"},"inLanguage":"es","potentialAction":[{"@type":"ReadAction","target":["https:\/\/www.slotfrans.nl\/es\/quienes-somos\/"]}]},{"@type":"BreadcrumbList","@id":"https:\/\/www.slotfrans.nl\/es\/quienes-somos\/#breadcrumb","itemListElement":[{"@type":"ListItem","position":1,"name":"Home","item":"https:\/\/www.slotfrans.nl\/es\/"},{"@type":"ListItem","position":2,"name":"Qui\u00e9nes somos"}]}]}},"acf":[],"_links":{"self":[{"href":"https:\/\/www.slotfrans.nl\/es\/wp-json\/wp\/v2\/pages\/915","targetHints":{"allow":["GET"]}}],"collection":[{"href":"https:\/\/www.slotfrans.nl\/es\/wp-json\/wp\/v2\/pages"}],"about":[{"href":"https:\/\/www.slotfrans.nl\/es\/wp-json\/wp\/v2\/types\/page"}],"author":[{"embeddable":true,"href":"https:\/\/www.slotfrans.nl\/es\/wp-json\/wp\/v2\/users\/1"}],"replies":[{"embeddable":true,"href":"https:\/\/www.slotfrans.nl\/es\/wp-json\/wp\/v2\/comments?post=915"}],"version-history":[{"count":4,"href":"https:\/\/www.slotfrans.nl\/es\/wp-json\/wp\/v2\/pages\/915\/revisions"}],"predecessor-version":[{"id":1477,"href":"https:\/\/www.slotfrans.nl\/es\/wp-json\/wp\/v2\/pages\/915\/revisions\/1477"}],"wp:featuredmedia":[{"embeddable":true,"href":"https:\/\/www.slotfrans.nl\/es\/wp-json\/wp\/v2\/media\/572"}],"wp:attachment":[{"href":"https:\/\/www.slotfrans.nl\/es\/wp-json\/wp\/v2\/media?parent=915"}],"curies":[{"name":"wp","href":"https:\/\/api.w.org\/{rel}","templated":true}]}}