{"id":923,"date":"2022-01-31T13:13:26","date_gmt":"2022-01-31T13:13:26","guid":{"rendered":"https:\/\/www.slotfrans.nl\/about-us\/lady-brand\/lady-brand\/"},"modified":"2022-04-19T14:12:45","modified_gmt":"2022-04-19T14:12:45","slug":"lady-brand","status":"publish","type":"page","link":"https:\/\/www.slotfrans.nl\/es\/quienes-somos\/nuestras-marcas\/lady-brand\/","title":{"rendered":"Lady Brand"},"content":{"rendered":"<p>Nuestra primera y m\u00e1s conocida marca es Lady Brand. Comenz\u00f3 hace mucho tiempo, en 1965. La dama de este logotipo viste un traje local. Se distingue entre ropa de domingo, ropa de trabajo y ropa especial de luto. Las diferencias entre los pueblos de la provincia son grandes. Zelanda (la provincia donde se encuentra nuestra oficina) tuvo la mayor cantidad de disfraces en los Pa\u00edses Bajos. Cada isla de la provincia ten\u00eda su propio estilo y se vest\u00eda de forma diferente en los pueblos.<\/p>\n<p>Podemos ofrecer Lady Brand para los siguientes productos:<\/p>\n<ul>\n<li>Papas<\/li>\n<li>Cebollas<\/li>\n<li>Ajo<\/li>\n<li>Aceite de cocina<\/li>\n<li>Papas fritas congeladas<\/li>\n<li>Pasta de tomate<\/li>\n<\/ul>\n<p><em>Otros productos bajo pedido<\/em><\/p>\n","protected":false},"excerpt":{"rendered":"<p>Nuestra primera y m\u00e1s conocida marca es Lady Brand. Comenz\u00f3 hace mucho tiempo, en 1965. La dama de este logotipo viste un traje local. Se distingue entre ropa de domingo, ropa de trabajo y ropa especial de luto. Las diferencias entre los pueblos de la provincia son grandes. Zelanda (la provincia donde se encuentra nuestra [&hellip;]<\/p>\n","protected":false},"author":1,"featured_media":533,"parent":919,"menu_order":0,"comment_status":"closed","ping_status":"closed","template":"","meta":{"footnotes":""},"class_list":["post-923","page","type-page","status-publish","has-post-thumbnail","hentry"],"yoast_head":"<!-- This site is optimized with the Yoast SEO plugin v18.3 - https:\/\/yoast.com\/wordpress\/plugins\/seo\/ -->\n<title>Lady Brand - Slot Frans &amp; Co. B.V.<\/title>\n<meta name=\"robots\" content=\"index, follow, max-snippet:-1, max-image-preview:large, max-video-preview:-1\" \/>\n<link rel=\"canonical\" href=\"https:\/\/www.slotfrans.nl\/es\/quienes-somos\/nuestras-marcas\/lady-brand\/\" \/>\n<meta property=\"og:locale\" content=\"es_ES\" \/>\n<meta property=\"og:type\" content=\"article\" \/>\n<meta property=\"og:title\" content=\"Lady Brand - Slot Frans &amp; Co. B.V.\" \/>\n<meta property=\"og:description\" content=\"Nuestra primera y m\u00e1s conocida marca es Lady Brand. Comenz\u00f3 hace mucho tiempo, en 1965. La dama de este logotipo viste un traje local. Se distingue entre ropa de domingo, ropa de trabajo y ropa especial de luto. Las diferencias entre los pueblos de la provincia son grandes. Zelanda (la provincia donde se encuentra nuestra [&hellip;]\" \/>\n<meta property=\"og:url\" content=\"https:\/\/www.slotfrans.nl\/es\/quienes-somos\/nuestras-marcas\/lady-brand\/\" \/>\n<meta property=\"og:site_name\" content=\"Slot Frans &amp; Co. B.V.\" \/>\n<meta property=\"article:modified_time\" content=\"2022-04-19T14:12:45+00:00\" \/>\n<meta property=\"og:image\" content=\"https:\/\/www.slotfrans.nl\/wp-content\/uploads\/2021\/07\/Lady-Brand-1.jpg\" \/>\n\t<meta property=\"og:image:width\" content=\"1181\" \/>\n\t<meta property=\"og:image:height\" content=\"548\" \/>\n\t<meta property=\"og:image:type\" content=\"image\/jpeg\" \/>\n<meta name=\"twitter:card\" content=\"summary_large_image\" \/>\n<meta name=\"twitter:label1\" content=\"Tiempo de lectura\" \/>\n\t<meta name=\"twitter:data1\" content=\"1 minuto\" \/>\n<script type=\"application\/ld+json\" class=\"yoast-schema-graph\">{\"@context\":\"https:\/\/schema.org\",\"@graph\":[{\"@type\":\"WebSite\",\"@id\":\"https:\/\/www.slotfrans.nl\/#website\",\"url\":\"https:\/\/www.slotfrans.nl\/\",\"name\":\"Slot Frans &amp; Co. B.V.\",\"description\":\"Worldwide export of agricultural produce and food commodity trading\",\"potentialAction\":[{\"@type\":\"SearchAction\",\"target\":{\"@type\":\"EntryPoint\",\"urlTemplate\":\"https:\/\/www.slotfrans.nl\/?s={search_term_string}\"},\"query-input\":\"required name=search_term_string\"}],\"inLanguage\":\"es\"},{\"@type\":\"ImageObject\",\"@id\":\"https:\/\/www.slotfrans.nl\/es\/quienes-somos\/nuestras-marcas\/lady-brand\/#primaryimage\",\"inLanguage\":\"es\",\"url\":\"https:\/\/www.slotfrans.nl\/wp-content\/uploads\/2021\/07\/Lady-Brand-1.jpg\",\"contentUrl\":\"https:\/\/www.slotfrans.nl\/wp-content\/uploads\/2021\/07\/Lady-Brand-1.jpg\",\"width\":1181,\"height\":548},{\"@type\":\"WebPage\",\"@id\":\"https:\/\/www.slotfrans.nl\/es\/quienes-somos\/nuestras-marcas\/lady-brand\/#webpage\",\"url\":\"https:\/\/www.slotfrans.nl\/es\/quienes-somos\/nuestras-marcas\/lady-brand\/\",\"name\":\"Lady Brand - Slot Frans &amp; Co. B.V.\",\"isPartOf\":{\"@id\":\"https:\/\/www.slotfrans.nl\/#website\"},\"primaryImageOfPage\":{\"@id\":\"https:\/\/www.slotfrans.nl\/es\/quienes-somos\/nuestras-marcas\/lady-brand\/#primaryimage\"},\"datePublished\":\"2022-01-31T13:13:26+00:00\",\"dateModified\":\"2022-04-19T14:12:45+00:00\",\"breadcrumb\":{\"@id\":\"https:\/\/www.slotfrans.nl\/es\/quienes-somos\/nuestras-marcas\/lady-brand\/#breadcrumb\"},\"inLanguage\":\"es\",\"potentialAction\":[{\"@type\":\"ReadAction\",\"target\":[\"https:\/\/www.slotfrans.nl\/es\/quienes-somos\/nuestras-marcas\/lady-brand\/\"]}]},{\"@type\":\"BreadcrumbList\",\"@id\":\"https:\/\/www.slotfrans.nl\/es\/quienes-somos\/nuestras-marcas\/lady-brand\/#breadcrumb\",\"itemListElement\":[{\"@type\":\"ListItem\",\"position\":1,\"name\":\"Home\",\"item\":\"https:\/\/www.slotfrans.nl\/es\/\"},{\"@type\":\"ListItem\",\"position\":2,\"name\":\"Qui\u00e9nes somos\",\"item\":\"https:\/\/www.slotfrans.nl\/es\/quienes-somos\/\"},{\"@type\":\"ListItem\",\"position\":3,\"name\":\"Nuestros marcas\",\"item\":\"https:\/\/www.slotfrans.nl\/es\/quienes-somos\/nuestras-marcas\/\"},{\"@type\":\"ListItem\",\"position\":4,\"name\":\"Lady Brand\"}]}]}<\/script>\n<!-- \/ Yoast SEO plugin. -->","yoast_head_json":{"title":"Lady Brand - Slot Frans &amp; Co. B.V.","robots":{"index":"index","follow":"follow","max-snippet":"max-snippet:-1","max-image-preview":"max-image-preview:large","max-video-preview":"max-video-preview:-1"},"canonical":"https:\/\/www.slotfrans.nl\/es\/quienes-somos\/nuestras-marcas\/lady-brand\/","og_locale":"es_ES","og_type":"article","og_title":"Lady Brand - Slot Frans &amp; Co. B.V.","og_description":"Nuestra primera y m\u00e1s conocida marca es Lady Brand. Comenz\u00f3 hace mucho tiempo, en 1965. La dama de este logotipo viste un traje local. Se distingue entre ropa de domingo, ropa de trabajo y ropa especial de luto. Las diferencias entre los pueblos de la provincia son grandes. Zelanda (la provincia donde se encuentra nuestra [&hellip;]","og_url":"https:\/\/www.slotfrans.nl\/es\/quienes-somos\/nuestras-marcas\/lady-brand\/","og_site_name":"Slot Frans &amp; Co. B.V.","article_modified_time":"2022-04-19T14:12:45+00:00","og_image":[{"width":1181,"height":548,"url":"https:\/\/www.slotfrans.nl\/wp-content\/uploads\/2021\/07\/Lady-Brand-1.jpg","type":"image\/jpeg"}],"twitter_card":"summary_large_image","twitter_misc":{"Tiempo de lectura":"1 minuto"},"schema":{"@context":"https:\/\/schema.org","@graph":[{"@type":"WebSite","@id":"https:\/\/www.slotfrans.nl\/#website","url":"https:\/\/www.slotfrans.nl\/","name":"Slot Frans &amp; Co. B.V.","description":"Worldwide export of agricultural produce and food commodity trading","potentialAction":[{"@type":"SearchAction","target":{"@type":"EntryPoint","urlTemplate":"https:\/\/www.slotfrans.nl\/?s={search_term_string}"},"query-input":"required name=search_term_string"}],"inLanguage":"es"},{"@type":"ImageObject","@id":"https:\/\/www.slotfrans.nl\/es\/quienes-somos\/nuestras-marcas\/lady-brand\/#primaryimage","inLanguage":"es","url":"https:\/\/www.slotfrans.nl\/wp-content\/uploads\/2021\/07\/Lady-Brand-1.jpg","contentUrl":"https:\/\/www.slotfrans.nl\/wp-content\/uploads\/2021\/07\/Lady-Brand-1.jpg","width":1181,"height":548},{"@type":"WebPage","@id":"https:\/\/www.slotfrans.nl\/es\/quienes-somos\/nuestras-marcas\/lady-brand\/#webpage","url":"https:\/\/www.slotfrans.nl\/es\/quienes-somos\/nuestras-marcas\/lady-brand\/","name":"Lady Brand - Slot Frans &amp; Co. B.V.","isPartOf":{"@id":"https:\/\/www.slotfrans.nl\/#website"},"primaryImageOfPage":{"@id":"https:\/\/www.slotfrans.nl\/es\/quienes-somos\/nuestras-marcas\/lady-brand\/#primaryimage"},"datePublished":"2022-01-31T13:13:26+00:00","dateModified":"2022-04-19T14:12:45+00:00","breadcrumb":{"@id":"https:\/\/www.slotfrans.nl\/es\/quienes-somos\/nuestras-marcas\/lady-brand\/#breadcrumb"},"inLanguage":"es","potentialAction":[{"@type":"ReadAction","target":["https:\/\/www.slotfrans.nl\/es\/quienes-somos\/nuestras-marcas\/lady-brand\/"]}]},{"@type":"BreadcrumbList","@id":"https:\/\/www.slotfrans.nl\/es\/quienes-somos\/nuestras-marcas\/lady-brand\/#breadcrumb","itemListElement":[{"@type":"ListItem","position":1,"name":"Home","item":"https:\/\/www.slotfrans.nl\/es\/"},{"@type":"ListItem","position":2,"name":"Qui\u00e9nes somos","item":"https:\/\/www.slotfrans.nl\/es\/quienes-somos\/"},{"@type":"ListItem","position":3,"name":"Nuestros marcas","item":"https:\/\/www.slotfrans.nl\/es\/quienes-somos\/nuestras-marcas\/"},{"@type":"ListItem","position":4,"name":"Lady Brand"}]}]}},"acf":[],"_links":{"self":[{"href":"https:\/\/www.slotfrans.nl\/es\/wp-json\/wp\/v2\/pages\/923","targetHints":{"allow":["GET"]}}],"collection":[{"href":"https:\/\/www.slotfrans.nl\/es\/wp-json\/wp\/v2\/pages"}],"about":[{"href":"https:\/\/www.slotfrans.nl\/es\/wp-json\/wp\/v2\/types\/page"}],"author":[{"embeddable":true,"href":"https:\/\/www.slotfrans.nl\/es\/wp-json\/wp\/v2\/users\/1"}],"replies":[{"embeddable":true,"href":"https:\/\/www.slotfrans.nl\/es\/wp-json\/wp\/v2\/comments?post=923"}],"version-history":[{"count":3,"href":"https:\/\/www.slotfrans.nl\/es\/wp-json\/wp\/v2\/pages\/923\/revisions"}],"predecessor-version":[{"id":1486,"href":"https:\/\/www.slotfrans.nl\/es\/wp-json\/wp\/v2\/pages\/923\/revisions\/1486"}],"up":[{"embeddable":true,"href":"https:\/\/www.slotfrans.nl\/es\/wp-json\/wp\/v2\/pages\/919"}],"wp:featuredmedia":[{"embeddable":true,"href":"https:\/\/www.slotfrans.nl\/es\/wp-json\/wp\/v2\/media\/533"}],"wp:attachment":[{"href":"https:\/\/www.slotfrans.nl\/es\/wp-json\/wp\/v2\/media?parent=923"}],"curies":[{"name":"wp","href":"https:\/\/api.w.org\/{rel}","templated":true}]}}