{"id":926,"date":"2022-01-31T13:13:36","date_gmt":"2022-01-31T13:13:36","guid":{"rendered":"https:\/\/www.slotfrans.nl\/about-us\/lady-brand\/farmers-pride\/"},"modified":"2022-04-19T14:13:32","modified_gmt":"2022-04-19T14:13:32","slug":"farmers-pride","status":"publish","type":"page","link":"https:\/\/www.slotfrans.nl\/es\/quienes-somos\/nuestras-marcas\/farmers-pride\/","title":{"rendered":"Farmers Pride"},"content":{"rendered":"<p>Nuestra segunda marca es Farmers Pride. Esta conocida marca comenz\u00f3 en 1995. Nuestros agricultores est\u00e1n orgullosos de sus productos que cultivan con gran cuidado y atenci\u00f3n para enviar a todo el mundo. La mejor calidad al mejor precio.<\/p>\n<p>Podemos ofrecer Farmers Pride para los siguientes productos:<\/p>\n<ul>\n<li>Papas<\/li>\n<li>Cebollas<\/li>\n<li>Aceite de cocina<\/li>\n<li>Ajo<\/li>\n<li>Pasta de tomate<\/li>\n<\/ul>\n<p><em>Otros productos bajo pedido<\/em><\/p>\n","protected":false},"excerpt":{"rendered":"<p>Nuestra segunda marca es Farmers Pride. Esta conocida marca comenz\u00f3 en 1995. Nuestros agricultores est\u00e1n orgullosos de sus productos que cultivan con gran cuidado y atenci\u00f3n para enviar a todo el mundo. La mejor calidad al mejor precio. Podemos ofrecer Farmers Pride para los siguientes productos: Papas Cebollas Aceite de cocina Ajo Pasta de tomate [&hellip;]<\/p>\n","protected":false},"author":1,"featured_media":536,"parent":919,"menu_order":1,"comment_status":"closed","ping_status":"closed","template":"","meta":{"footnotes":""},"class_list":["post-926","page","type-page","status-publish","has-post-thumbnail","hentry"],"yoast_head":"<!-- This site is optimized with the Yoast SEO plugin v18.3 - https:\/\/yoast.com\/wordpress\/plugins\/seo\/ -->\n<title>Farmers Pride - Slot Frans &amp; Co. B.V.<\/title>\n<meta name=\"robots\" content=\"index, follow, max-snippet:-1, max-image-preview:large, max-video-preview:-1\" \/>\n<link rel=\"canonical\" href=\"https:\/\/www.slotfrans.nl\/es\/quienes-somos\/nuestras-marcas\/farmers-pride\/\" \/>\n<meta property=\"og:locale\" content=\"es_ES\" \/>\n<meta property=\"og:type\" content=\"article\" \/>\n<meta property=\"og:title\" content=\"Farmers Pride - Slot Frans &amp; Co. B.V.\" \/>\n<meta property=\"og:description\" content=\"Nuestra segunda marca es Farmers Pride. Esta conocida marca comenz\u00f3 en 1995. Nuestros agricultores est\u00e1n orgullosos de sus productos que cultivan con gran cuidado y atenci\u00f3n para enviar a todo el mundo. La mejor calidad al mejor precio. Podemos ofrecer Farmers Pride para los siguientes productos: Papas Cebollas Aceite de cocina Ajo Pasta de tomate [&hellip;]\" \/>\n<meta property=\"og:url\" content=\"https:\/\/www.slotfrans.nl\/es\/quienes-somos\/nuestras-marcas\/farmers-pride\/\" \/>\n<meta property=\"og:site_name\" content=\"Slot Frans &amp; Co. B.V.\" \/>\n<meta property=\"article:modified_time\" content=\"2022-04-19T14:13:32+00:00\" \/>\n<meta property=\"og:image\" content=\"https:\/\/www.slotfrans.nl\/wp-content\/uploads\/2021\/07\/FP.jpg\" \/>\n\t<meta property=\"og:image:width\" content=\"1772\" \/>\n\t<meta property=\"og:image:height\" content=\"499\" \/>\n\t<meta property=\"og:image:type\" content=\"image\/jpeg\" \/>\n<meta name=\"twitter:card\" content=\"summary_large_image\" \/>\n<script type=\"application\/ld+json\" class=\"yoast-schema-graph\">{\"@context\":\"https:\/\/schema.org\",\"@graph\":[{\"@type\":\"WebSite\",\"@id\":\"https:\/\/www.slotfrans.nl\/#website\",\"url\":\"https:\/\/www.slotfrans.nl\/\",\"name\":\"Slot Frans &amp; Co. B.V.\",\"description\":\"Worldwide export of agricultural produce and food commodity trading\",\"potentialAction\":[{\"@type\":\"SearchAction\",\"target\":{\"@type\":\"EntryPoint\",\"urlTemplate\":\"https:\/\/www.slotfrans.nl\/?s={search_term_string}\"},\"query-input\":\"required name=search_term_string\"}],\"inLanguage\":\"es\"},{\"@type\":\"ImageObject\",\"@id\":\"https:\/\/www.slotfrans.nl\/es\/quienes-somos\/nuestras-marcas\/farmers-pride\/#primaryimage\",\"inLanguage\":\"es\",\"url\":\"https:\/\/www.slotfrans.nl\/wp-content\/uploads\/2021\/07\/FP.jpg\",\"contentUrl\":\"https:\/\/www.slotfrans.nl\/wp-content\/uploads\/2021\/07\/FP.jpg\",\"width\":1772,\"height\":499},{\"@type\":\"WebPage\",\"@id\":\"https:\/\/www.slotfrans.nl\/es\/quienes-somos\/nuestras-marcas\/farmers-pride\/#webpage\",\"url\":\"https:\/\/www.slotfrans.nl\/es\/quienes-somos\/nuestras-marcas\/farmers-pride\/\",\"name\":\"Farmers Pride - Slot Frans &amp; Co. B.V.\",\"isPartOf\":{\"@id\":\"https:\/\/www.slotfrans.nl\/#website\"},\"primaryImageOfPage\":{\"@id\":\"https:\/\/www.slotfrans.nl\/es\/quienes-somos\/nuestras-marcas\/farmers-pride\/#primaryimage\"},\"datePublished\":\"2022-01-31T13:13:36+00:00\",\"dateModified\":\"2022-04-19T14:13:32+00:00\",\"breadcrumb\":{\"@id\":\"https:\/\/www.slotfrans.nl\/es\/quienes-somos\/nuestras-marcas\/farmers-pride\/#breadcrumb\"},\"inLanguage\":\"es\",\"potentialAction\":[{\"@type\":\"ReadAction\",\"target\":[\"https:\/\/www.slotfrans.nl\/es\/quienes-somos\/nuestras-marcas\/farmers-pride\/\"]}]},{\"@type\":\"BreadcrumbList\",\"@id\":\"https:\/\/www.slotfrans.nl\/es\/quienes-somos\/nuestras-marcas\/farmers-pride\/#breadcrumb\",\"itemListElement\":[{\"@type\":\"ListItem\",\"position\":1,\"name\":\"Home\",\"item\":\"https:\/\/www.slotfrans.nl\/es\/\"},{\"@type\":\"ListItem\",\"position\":2,\"name\":\"Qui\u00e9nes somos\",\"item\":\"https:\/\/www.slotfrans.nl\/es\/quienes-somos\/\"},{\"@type\":\"ListItem\",\"position\":3,\"name\":\"Nuestros marcas\",\"item\":\"https:\/\/www.slotfrans.nl\/es\/quienes-somos\/nuestras-marcas\/\"},{\"@type\":\"ListItem\",\"position\":4,\"name\":\"Farmers Pride\"}]}]}<\/script>\n<!-- \/ Yoast SEO plugin. -->","yoast_head_json":{"title":"Farmers Pride - Slot Frans &amp; Co. B.V.","robots":{"index":"index","follow":"follow","max-snippet":"max-snippet:-1","max-image-preview":"max-image-preview:large","max-video-preview":"max-video-preview:-1"},"canonical":"https:\/\/www.slotfrans.nl\/es\/quienes-somos\/nuestras-marcas\/farmers-pride\/","og_locale":"es_ES","og_type":"article","og_title":"Farmers Pride - Slot Frans &amp; Co. B.V.","og_description":"Nuestra segunda marca es Farmers Pride. Esta conocida marca comenz\u00f3 en 1995. Nuestros agricultores est\u00e1n orgullosos de sus productos que cultivan con gran cuidado y atenci\u00f3n para enviar a todo el mundo. La mejor calidad al mejor precio. Podemos ofrecer Farmers Pride para los siguientes productos: Papas Cebollas Aceite de cocina Ajo Pasta de tomate [&hellip;]","og_url":"https:\/\/www.slotfrans.nl\/es\/quienes-somos\/nuestras-marcas\/farmers-pride\/","og_site_name":"Slot Frans &amp; Co. B.V.","article_modified_time":"2022-04-19T14:13:32+00:00","og_image":[{"width":1772,"height":499,"url":"https:\/\/www.slotfrans.nl\/wp-content\/uploads\/2021\/07\/FP.jpg","type":"image\/jpeg"}],"twitter_card":"summary_large_image","schema":{"@context":"https:\/\/schema.org","@graph":[{"@type":"WebSite","@id":"https:\/\/www.slotfrans.nl\/#website","url":"https:\/\/www.slotfrans.nl\/","name":"Slot Frans &amp; Co. B.V.","description":"Worldwide export of agricultural produce and food commodity trading","potentialAction":[{"@type":"SearchAction","target":{"@type":"EntryPoint","urlTemplate":"https:\/\/www.slotfrans.nl\/?s={search_term_string}"},"query-input":"required name=search_term_string"}],"inLanguage":"es"},{"@type":"ImageObject","@id":"https:\/\/www.slotfrans.nl\/es\/quienes-somos\/nuestras-marcas\/farmers-pride\/#primaryimage","inLanguage":"es","url":"https:\/\/www.slotfrans.nl\/wp-content\/uploads\/2021\/07\/FP.jpg","contentUrl":"https:\/\/www.slotfrans.nl\/wp-content\/uploads\/2021\/07\/FP.jpg","width":1772,"height":499},{"@type":"WebPage","@id":"https:\/\/www.slotfrans.nl\/es\/quienes-somos\/nuestras-marcas\/farmers-pride\/#webpage","url":"https:\/\/www.slotfrans.nl\/es\/quienes-somos\/nuestras-marcas\/farmers-pride\/","name":"Farmers Pride - Slot Frans &amp; Co. B.V.","isPartOf":{"@id":"https:\/\/www.slotfrans.nl\/#website"},"primaryImageOfPage":{"@id":"https:\/\/www.slotfrans.nl\/es\/quienes-somos\/nuestras-marcas\/farmers-pride\/#primaryimage"},"datePublished":"2022-01-31T13:13:36+00:00","dateModified":"2022-04-19T14:13:32+00:00","breadcrumb":{"@id":"https:\/\/www.slotfrans.nl\/es\/quienes-somos\/nuestras-marcas\/farmers-pride\/#breadcrumb"},"inLanguage":"es","potentialAction":[{"@type":"ReadAction","target":["https:\/\/www.slotfrans.nl\/es\/quienes-somos\/nuestras-marcas\/farmers-pride\/"]}]},{"@type":"BreadcrumbList","@id":"https:\/\/www.slotfrans.nl\/es\/quienes-somos\/nuestras-marcas\/farmers-pride\/#breadcrumb","itemListElement":[{"@type":"ListItem","position":1,"name":"Home","item":"https:\/\/www.slotfrans.nl\/es\/"},{"@type":"ListItem","position":2,"name":"Qui\u00e9nes somos","item":"https:\/\/www.slotfrans.nl\/es\/quienes-somos\/"},{"@type":"ListItem","position":3,"name":"Nuestros marcas","item":"https:\/\/www.slotfrans.nl\/es\/quienes-somos\/nuestras-marcas\/"},{"@type":"ListItem","position":4,"name":"Farmers Pride"}]}]}},"acf":[],"_links":{"self":[{"href":"https:\/\/www.slotfrans.nl\/es\/wp-json\/wp\/v2\/pages\/926","targetHints":{"allow":["GET"]}}],"collection":[{"href":"https:\/\/www.slotfrans.nl\/es\/wp-json\/wp\/v2\/pages"}],"about":[{"href":"https:\/\/www.slotfrans.nl\/es\/wp-json\/wp\/v2\/types\/page"}],"author":[{"embeddable":true,"href":"https:\/\/www.slotfrans.nl\/es\/wp-json\/wp\/v2\/users\/1"}],"replies":[{"embeddable":true,"href":"https:\/\/www.slotfrans.nl\/es\/wp-json\/wp\/v2\/comments?post=926"}],"version-history":[{"count":4,"href":"https:\/\/www.slotfrans.nl\/es\/wp-json\/wp\/v2\/pages\/926\/revisions"}],"predecessor-version":[{"id":1487,"href":"https:\/\/www.slotfrans.nl\/es\/wp-json\/wp\/v2\/pages\/926\/revisions\/1487"}],"up":[{"embeddable":true,"href":"https:\/\/www.slotfrans.nl\/es\/wp-json\/wp\/v2\/pages\/919"}],"wp:featuredmedia":[{"embeddable":true,"href":"https:\/\/www.slotfrans.nl\/es\/wp-json\/wp\/v2\/media\/536"}],"wp:attachment":[{"href":"https:\/\/www.slotfrans.nl\/es\/wp-json\/wp\/v2\/media?parent=926"}],"curies":[{"name":"wp","href":"https:\/\/api.w.org\/{rel}","templated":true}]}}