{"id":932,"date":"2021-07-02T13:01:12","date_gmt":"2021-07-02T13:01:12","guid":{"rendered":"https:\/\/www.slotfrans.nl\/services\/"},"modified":"2022-02-25T10:24:11","modified_gmt":"2022-02-25T10:24:11","slug":"servicios","status":"publish","type":"page","link":"https:\/\/www.slotfrans.nl\/es\/servicios\/","title":{"rendered":"Servicios"},"content":{"rendered":"<p><strong>Solo ese peque\u00f1o extra<\/strong><br \/>\nNuestro equipo de ventas est\u00e1 siempre listo para servirle de manera profesional y fruct\u00edfera. Junto con ustedes, nuestros productores, proveedores y socios log\u00edsticos, ofrecemos productos de alta calidad a un precio de mercado competitivo en el momento y lugar adecuados. Nuestra gente, experiencia y excelente servicio te sorprender\u00e1n.<\/p>\n<p><strong>Somos especialistas en tiradas cortas<\/strong><br \/>\nNuestro experimentado equipo de env\u00edos se encarga de todos los tr\u00e1mites, antes, durante y despu\u00e9s de la carga y el env\u00edo, como las inspecciones previas al env\u00edo, el transporte terrestre de contenedores y la documentaci\u00f3n aduanera de exportaci\u00f3n. Despu\u00e9s de que sus productos hayan sido enviados, monitoreamos los env\u00edos y mantenemos informados a nuestros clientes con informaci\u00f3n actualizada sobre transbordos y llegadas. La mayor\u00eda de nuestros productos se env\u00edan en 40 pies. hc Contenedores refrigerados, con temperatura y humedad controladas. Siempre buscamos la entrega a tiempo de sus bienes y documentos en todo el mundo.<\/p>\n<p>&nbsp;<\/p>\n<p><em>\u00a1Disfrute haciendo negocios con nosotros!<\/em><\/p>\n","protected":false},"excerpt":{"rendered":"<p>Solo ese peque\u00f1o extra Nuestro equipo de ventas est\u00e1 siempre listo para servirle de manera profesional y fruct\u00edfera. Junto con ustedes, nuestros productores, proveedores y socios log\u00edsticos, ofrecemos productos de alta calidad a un precio de mercado competitivo en el momento y lugar adecuados. Nuestra gente, experiencia y excelente servicio te sorprender\u00e1n. Somos especialistas en [&hellip;]<\/p>\n","protected":false},"author":1,"featured_media":776,"parent":0,"menu_order":4,"comment_status":"closed","ping_status":"closed","template":"","meta":{"footnotes":""},"class_list":["post-932","page","type-page","status-publish","has-post-thumbnail","hentry"],"yoast_head":"<!-- This site is optimized with the Yoast SEO plugin v18.3 - https:\/\/yoast.com\/wordpress\/plugins\/seo\/ -->\n<title>Servicios - Slot Frans &amp; Co. B.V.<\/title>\n<meta name=\"robots\" content=\"index, follow, max-snippet:-1, max-image-preview:large, max-video-preview:-1\" \/>\n<link rel=\"canonical\" href=\"https:\/\/www.slotfrans.nl\/es\/servicios\/\" \/>\n<meta property=\"og:locale\" content=\"es_ES\" \/>\n<meta property=\"og:type\" content=\"article\" \/>\n<meta property=\"og:title\" content=\"Servicios - Slot Frans &amp; Co. B.V.\" \/>\n<meta property=\"og:description\" content=\"Solo ese peque\u00f1o extra Nuestro equipo de ventas est\u00e1 siempre listo para servirle de manera profesional y fruct\u00edfera. Junto con ustedes, nuestros productores, proveedores y socios log\u00edsticos, ofrecemos productos de alta calidad a un precio de mercado competitivo en el momento y lugar adecuados. Nuestra gente, experiencia y excelente servicio te sorprender\u00e1n. Somos especialistas en [&hellip;]\" \/>\n<meta property=\"og:url\" content=\"https:\/\/www.slotfrans.nl\/es\/servicios\/\" \/>\n<meta property=\"og:site_name\" content=\"Slot Frans &amp; Co. B.V.\" \/>\n<meta property=\"article:modified_time\" content=\"2022-02-25T10:24:11+00:00\" \/>\n<meta property=\"og:image\" content=\"https:\/\/www.slotfrans.nl\/wp-content\/uploads\/2022\/02\/Logo-Lady-Brand-SFCO.jpg\" \/>\n\t<meta property=\"og:image:width\" content=\"387\" \/>\n\t<meta property=\"og:image:height\" content=\"388\" \/>\n\t<meta property=\"og:image:type\" content=\"image\/jpeg\" \/>\n<meta name=\"twitter:card\" content=\"summary_large_image\" \/>\n<meta name=\"twitter:label1\" content=\"Tiempo de lectura\" \/>\n\t<meta name=\"twitter:data1\" content=\"1 minuto\" \/>\n<script type=\"application\/ld+json\" class=\"yoast-schema-graph\">{\"@context\":\"https:\/\/schema.org\",\"@graph\":[{\"@type\":\"WebSite\",\"@id\":\"https:\/\/www.slotfrans.nl\/#website\",\"url\":\"https:\/\/www.slotfrans.nl\/\",\"name\":\"Slot Frans &amp; Co. B.V.\",\"description\":\"Worldwide export of agricultural produce and food commodity trading\",\"potentialAction\":[{\"@type\":\"SearchAction\",\"target\":{\"@type\":\"EntryPoint\",\"urlTemplate\":\"https:\/\/www.slotfrans.nl\/?s={search_term_string}\"},\"query-input\":\"required name=search_term_string\"}],\"inLanguage\":\"es\"},{\"@type\":\"ImageObject\",\"@id\":\"https:\/\/www.slotfrans.nl\/es\/servicios\/#primaryimage\",\"inLanguage\":\"es\",\"url\":\"https:\/\/www.slotfrans.nl\/wp-content\/uploads\/2022\/02\/Logo-Lady-Brand-SFCO.jpg\",\"contentUrl\":\"https:\/\/www.slotfrans.nl\/wp-content\/uploads\/2022\/02\/Logo-Lady-Brand-SFCO.jpg\",\"width\":387,\"height\":388},{\"@type\":\"WebPage\",\"@id\":\"https:\/\/www.slotfrans.nl\/es\/servicios\/#webpage\",\"url\":\"https:\/\/www.slotfrans.nl\/es\/servicios\/\",\"name\":\"Servicios - Slot Frans &amp; Co. B.V.\",\"isPartOf\":{\"@id\":\"https:\/\/www.slotfrans.nl\/#website\"},\"primaryImageOfPage\":{\"@id\":\"https:\/\/www.slotfrans.nl\/es\/servicios\/#primaryimage\"},\"datePublished\":\"2021-07-02T13:01:12+00:00\",\"dateModified\":\"2022-02-25T10:24:11+00:00\",\"breadcrumb\":{\"@id\":\"https:\/\/www.slotfrans.nl\/es\/servicios\/#breadcrumb\"},\"inLanguage\":\"es\",\"potentialAction\":[{\"@type\":\"ReadAction\",\"target\":[\"https:\/\/www.slotfrans.nl\/es\/servicios\/\"]}]},{\"@type\":\"BreadcrumbList\",\"@id\":\"https:\/\/www.slotfrans.nl\/es\/servicios\/#breadcrumb\",\"itemListElement\":[{\"@type\":\"ListItem\",\"position\":1,\"name\":\"Home\",\"item\":\"https:\/\/www.slotfrans.nl\/es\/\"},{\"@type\":\"ListItem\",\"position\":2,\"name\":\"Servicios\"}]}]}<\/script>\n<!-- \/ Yoast SEO plugin. -->","yoast_head_json":{"title":"Servicios - Slot Frans &amp; Co. B.V.","robots":{"index":"index","follow":"follow","max-snippet":"max-snippet:-1","max-image-preview":"max-image-preview:large","max-video-preview":"max-video-preview:-1"},"canonical":"https:\/\/www.slotfrans.nl\/es\/servicios\/","og_locale":"es_ES","og_type":"article","og_title":"Servicios - Slot Frans &amp; Co. B.V.","og_description":"Solo ese peque\u00f1o extra Nuestro equipo de ventas est\u00e1 siempre listo para servirle de manera profesional y fruct\u00edfera. Junto con ustedes, nuestros productores, proveedores y socios log\u00edsticos, ofrecemos productos de alta calidad a un precio de mercado competitivo en el momento y lugar adecuados. Nuestra gente, experiencia y excelente servicio te sorprender\u00e1n. Somos especialistas en [&hellip;]","og_url":"https:\/\/www.slotfrans.nl\/es\/servicios\/","og_site_name":"Slot Frans &amp; Co. B.V.","article_modified_time":"2022-02-25T10:24:11+00:00","og_image":[{"width":387,"height":388,"url":"https:\/\/www.slotfrans.nl\/wp-content\/uploads\/2022\/02\/Logo-Lady-Brand-SFCO.jpg","type":"image\/jpeg"}],"twitter_card":"summary_large_image","twitter_misc":{"Tiempo de lectura":"1 minuto"},"schema":{"@context":"https:\/\/schema.org","@graph":[{"@type":"WebSite","@id":"https:\/\/www.slotfrans.nl\/#website","url":"https:\/\/www.slotfrans.nl\/","name":"Slot Frans &amp; Co. B.V.","description":"Worldwide export of agricultural produce and food commodity trading","potentialAction":[{"@type":"SearchAction","target":{"@type":"EntryPoint","urlTemplate":"https:\/\/www.slotfrans.nl\/?s={search_term_string}"},"query-input":"required name=search_term_string"}],"inLanguage":"es"},{"@type":"ImageObject","@id":"https:\/\/www.slotfrans.nl\/es\/servicios\/#primaryimage","inLanguage":"es","url":"https:\/\/www.slotfrans.nl\/wp-content\/uploads\/2022\/02\/Logo-Lady-Brand-SFCO.jpg","contentUrl":"https:\/\/www.slotfrans.nl\/wp-content\/uploads\/2022\/02\/Logo-Lady-Brand-SFCO.jpg","width":387,"height":388},{"@type":"WebPage","@id":"https:\/\/www.slotfrans.nl\/es\/servicios\/#webpage","url":"https:\/\/www.slotfrans.nl\/es\/servicios\/","name":"Servicios - Slot Frans &amp; Co. B.V.","isPartOf":{"@id":"https:\/\/www.slotfrans.nl\/#website"},"primaryImageOfPage":{"@id":"https:\/\/www.slotfrans.nl\/es\/servicios\/#primaryimage"},"datePublished":"2021-07-02T13:01:12+00:00","dateModified":"2022-02-25T10:24:11+00:00","breadcrumb":{"@id":"https:\/\/www.slotfrans.nl\/es\/servicios\/#breadcrumb"},"inLanguage":"es","potentialAction":[{"@type":"ReadAction","target":["https:\/\/www.slotfrans.nl\/es\/servicios\/"]}]},{"@type":"BreadcrumbList","@id":"https:\/\/www.slotfrans.nl\/es\/servicios\/#breadcrumb","itemListElement":[{"@type":"ListItem","position":1,"name":"Home","item":"https:\/\/www.slotfrans.nl\/es\/"},{"@type":"ListItem","position":2,"name":"Servicios"}]}]}},"acf":[],"_links":{"self":[{"href":"https:\/\/www.slotfrans.nl\/es\/wp-json\/wp\/v2\/pages\/932","targetHints":{"allow":["GET"]}}],"collection":[{"href":"https:\/\/www.slotfrans.nl\/es\/wp-json\/wp\/v2\/pages"}],"about":[{"href":"https:\/\/www.slotfrans.nl\/es\/wp-json\/wp\/v2\/types\/page"}],"author":[{"embeddable":true,"href":"https:\/\/www.slotfrans.nl\/es\/wp-json\/wp\/v2\/users\/1"}],"replies":[{"embeddable":true,"href":"https:\/\/www.slotfrans.nl\/es\/wp-json\/wp\/v2\/comments?post=932"}],"version-history":[{"count":2,"href":"https:\/\/www.slotfrans.nl\/es\/wp-json\/wp\/v2\/pages\/932\/revisions"}],"predecessor-version":[{"id":1232,"href":"https:\/\/www.slotfrans.nl\/es\/wp-json\/wp\/v2\/pages\/932\/revisions\/1232"}],"wp:featuredmedia":[{"embeddable":true,"href":"https:\/\/www.slotfrans.nl\/es\/wp-json\/wp\/v2\/media\/776"}],"wp:attachment":[{"href":"https:\/\/www.slotfrans.nl\/es\/wp-json\/wp\/v2\/media?parent=932"}],"curies":[{"name":"wp","href":"https:\/\/api.w.org\/{rel}","templated":true}]}}