{"id":892,"date":"2021-07-02T13:01:12","date_gmt":"2021-07-02T13:01:12","guid":{"rendered":"https:\/\/www.slotfrans.nl\/welcome\/"},"modified":"2022-04-12T11:34:02","modified_gmt":"2022-04-12T11:34:02","slug":"welcome","status":"publish","type":"page","link":"https:\/\/www.slotfrans.nl\/fr\/","title":{"rendered":"Bienvenue"},"content":{"rendered":"<p>Chez Slot Frans &amp; Co., nous vendons et exp\u00e9dions des produits alimentaires tous les jours depuis plus de 100 ans. Nous sommes devenus un acteur international et servons nos clients dans le monde entier avec une large gamme de produits alimentaires. Nos produits de base sont les pommes de terre, les oignons, l&rsquo;ail et les frites, mais il existe \u00e9galement une demande croissante pour toutes sortes d&rsquo;autres produits tels que le poulet, les cacahu\u00e8tes, le riz, les carottes, les l\u00e9gumineuses et les haricots, etc.<\/p>\n<p>Notre \u00e9quipe est toujours pr\u00eate \u00e0 vous servir au mieux. En raison de notre souci du service et de la qualit\u00e9, les clients aiment revenir vers nous.<\/p>\n","protected":false},"excerpt":{"rendered":"<p>Chez Slot Frans &amp; Co., nous vendons et exp\u00e9dions des produits alimentaires tous les jours depuis plus de 100 ans. Nous sommes devenus un acteur international et servons nos clients dans le monde entier avec une large gamme de produits alimentaires. Nos produits de base sont les pommes de terre, les oignons, l&rsquo;ail et les [&hellip;]<\/p>\n","protected":false},"author":1,"featured_media":721,"parent":0,"menu_order":0,"comment_status":"closed","ping_status":"closed","template":"","meta":{"footnotes":""},"class_list":["post-892","page","type-page","status-publish","has-post-thumbnail","hentry"],"yoast_head":"<!-- This site is optimized with the Yoast SEO plugin v18.3 - https:\/\/yoast.com\/wordpress\/plugins\/seo\/ -->\n<title>Bienvenue - Slot Frans &amp; Co. B.V.<\/title>\n<meta name=\"robots\" content=\"index, follow, max-snippet:-1, max-image-preview:large, max-video-preview:-1\" \/>\n<link rel=\"canonical\" href=\"https:\/\/www.slotfrans.nl\/fr\/\" \/>\n<meta property=\"og:locale\" content=\"fr_FR\" \/>\n<meta property=\"og:type\" content=\"article\" \/>\n<meta property=\"og:title\" content=\"Bienvenue - Slot Frans &amp; Co. B.V.\" \/>\n<meta property=\"og:description\" content=\"Chez Slot Frans &amp; Co., nous vendons et exp\u00e9dions des produits alimentaires tous les jours depuis plus de 100 ans. Nous sommes devenus un acteur international et servons nos clients dans le monde entier avec une large gamme de produits alimentaires. Nos produits de base sont les pommes de terre, les oignons, l&rsquo;ail et les [&hellip;]\" \/>\n<meta property=\"og:url\" content=\"https:\/\/www.slotfrans.nl\/fr\/\" \/>\n<meta property=\"og:site_name\" content=\"Slot Frans &amp; Co. B.V.\" \/>\n<meta property=\"article:modified_time\" content=\"2022-04-12T11:34:02+00:00\" \/>\n<meta property=\"og:image\" content=\"https:\/\/www.slotfrans.nl\/wp-content\/uploads\/2022\/01\/Artboard-\u2013-72.png\" \/>\n\t<meta property=\"og:image:width\" content=\"800\" \/>\n\t<meta property=\"og:image:height\" content=\"624\" \/>\n\t<meta property=\"og:image:type\" content=\"image\/png\" \/>\n<meta name=\"twitter:card\" content=\"summary_large_image\" \/>\n<meta name=\"twitter:label1\" content=\"Dur\u00e9e de lecture estim\u00e9e\" \/>\n\t<meta name=\"twitter:data1\" content=\"1 minute\" \/>\n<script type=\"application\/ld+json\" class=\"yoast-schema-graph\">{\"@context\":\"https:\/\/schema.org\",\"@graph\":[{\"@type\":\"WebSite\",\"@id\":\"https:\/\/www.slotfrans.nl\/#website\",\"url\":\"https:\/\/www.slotfrans.nl\/\",\"name\":\"Slot Frans &amp; Co. B.V.\",\"description\":\"Worldwide export of agricultural produce and food commodity trading\",\"potentialAction\":[{\"@type\":\"SearchAction\",\"target\":{\"@type\":\"EntryPoint\",\"urlTemplate\":\"https:\/\/www.slotfrans.nl\/?s={search_term_string}\"},\"query-input\":\"required name=search_term_string\"}],\"inLanguage\":\"fr-FR\"},{\"@type\":\"ImageObject\",\"@id\":\"https:\/\/www.slotfrans.nl\/fr\/#primaryimage\",\"inLanguage\":\"fr-FR\",\"url\":\"https:\/\/www.slotfrans.nl\/wp-content\/uploads\/2022\/01\/Artboard-\u2013-72.png\",\"contentUrl\":\"https:\/\/www.slotfrans.nl\/wp-content\/uploads\/2022\/01\/Artboard-\u2013-72.png\",\"width\":800,\"height\":624},{\"@type\":\"WebPage\",\"@id\":\"https:\/\/www.slotfrans.nl\/fr\/#webpage\",\"url\":\"https:\/\/www.slotfrans.nl\/fr\/\",\"name\":\"Bienvenue - Slot Frans &amp; Co. B.V.\",\"isPartOf\":{\"@id\":\"https:\/\/www.slotfrans.nl\/#website\"},\"primaryImageOfPage\":{\"@id\":\"https:\/\/www.slotfrans.nl\/fr\/#primaryimage\"},\"datePublished\":\"2021-07-02T13:01:12+00:00\",\"dateModified\":\"2022-04-12T11:34:02+00:00\",\"breadcrumb\":{\"@id\":\"https:\/\/www.slotfrans.nl\/fr\/#breadcrumb\"},\"inLanguage\":\"fr-FR\",\"potentialAction\":[{\"@type\":\"ReadAction\",\"target\":[\"https:\/\/www.slotfrans.nl\/fr\/\"]}]},{\"@type\":\"BreadcrumbList\",\"@id\":\"https:\/\/www.slotfrans.nl\/fr\/#breadcrumb\",\"itemListElement\":[{\"@type\":\"ListItem\",\"position\":1,\"name\":\"Home\",\"item\":\"https:\/\/www.slotfrans.nl\/fr\/\"},{\"@type\":\"ListItem\",\"position\":2,\"name\":\"Bienvenue\"}]}]}<\/script>\n<!-- \/ Yoast SEO plugin. -->","yoast_head_json":{"title":"Bienvenue - Slot Frans &amp; Co. B.V.","robots":{"index":"index","follow":"follow","max-snippet":"max-snippet:-1","max-image-preview":"max-image-preview:large","max-video-preview":"max-video-preview:-1"},"canonical":"https:\/\/www.slotfrans.nl\/fr\/","og_locale":"fr_FR","og_type":"article","og_title":"Bienvenue - Slot Frans &amp; Co. B.V.","og_description":"Chez Slot Frans &amp; Co., nous vendons et exp\u00e9dions des produits alimentaires tous les jours depuis plus de 100 ans. Nous sommes devenus un acteur international et servons nos clients dans le monde entier avec une large gamme de produits alimentaires. Nos produits de base sont les pommes de terre, les oignons, l&rsquo;ail et les [&hellip;]","og_url":"https:\/\/www.slotfrans.nl\/fr\/","og_site_name":"Slot Frans &amp; Co. B.V.","article_modified_time":"2022-04-12T11:34:02+00:00","og_image":[{"width":800,"height":624,"url":"https:\/\/www.slotfrans.nl\/wp-content\/uploads\/2022\/01\/Artboard-\u2013-72.png","type":"image\/png"}],"twitter_card":"summary_large_image","twitter_misc":{"Dur\u00e9e de lecture estim\u00e9e":"1 minute"},"schema":{"@context":"https:\/\/schema.org","@graph":[{"@type":"WebSite","@id":"https:\/\/www.slotfrans.nl\/#website","url":"https:\/\/www.slotfrans.nl\/","name":"Slot Frans &amp; Co. B.V.","description":"Worldwide export of agricultural produce and food commodity trading","potentialAction":[{"@type":"SearchAction","target":{"@type":"EntryPoint","urlTemplate":"https:\/\/www.slotfrans.nl\/?s={search_term_string}"},"query-input":"required name=search_term_string"}],"inLanguage":"fr-FR"},{"@type":"ImageObject","@id":"https:\/\/www.slotfrans.nl\/fr\/#primaryimage","inLanguage":"fr-FR","url":"https:\/\/www.slotfrans.nl\/wp-content\/uploads\/2022\/01\/Artboard-\u2013-72.png","contentUrl":"https:\/\/www.slotfrans.nl\/wp-content\/uploads\/2022\/01\/Artboard-\u2013-72.png","width":800,"height":624},{"@type":"WebPage","@id":"https:\/\/www.slotfrans.nl\/fr\/#webpage","url":"https:\/\/www.slotfrans.nl\/fr\/","name":"Bienvenue - Slot Frans &amp; Co. B.V.","isPartOf":{"@id":"https:\/\/www.slotfrans.nl\/#website"},"primaryImageOfPage":{"@id":"https:\/\/www.slotfrans.nl\/fr\/#primaryimage"},"datePublished":"2021-07-02T13:01:12+00:00","dateModified":"2022-04-12T11:34:02+00:00","breadcrumb":{"@id":"https:\/\/www.slotfrans.nl\/fr\/#breadcrumb"},"inLanguage":"fr-FR","potentialAction":[{"@type":"ReadAction","target":["https:\/\/www.slotfrans.nl\/fr\/"]}]},{"@type":"BreadcrumbList","@id":"https:\/\/www.slotfrans.nl\/fr\/#breadcrumb","itemListElement":[{"@type":"ListItem","position":1,"name":"Home","item":"https:\/\/www.slotfrans.nl\/fr\/"},{"@type":"ListItem","position":2,"name":"Bienvenue"}]}]}},"acf":[],"_links":{"self":[{"href":"https:\/\/www.slotfrans.nl\/fr\/wp-json\/wp\/v2\/pages\/892","targetHints":{"allow":["GET"]}}],"collection":[{"href":"https:\/\/www.slotfrans.nl\/fr\/wp-json\/wp\/v2\/pages"}],"about":[{"href":"https:\/\/www.slotfrans.nl\/fr\/wp-json\/wp\/v2\/types\/page"}],"author":[{"embeddable":true,"href":"https:\/\/www.slotfrans.nl\/fr\/wp-json\/wp\/v2\/users\/1"}],"replies":[{"embeddable":true,"href":"https:\/\/www.slotfrans.nl\/fr\/wp-json\/wp\/v2\/comments?post=892"}],"version-history":[{"count":7,"href":"https:\/\/www.slotfrans.nl\/fr\/wp-json\/wp\/v2\/pages\/892\/revisions"}],"predecessor-version":[{"id":1466,"href":"https:\/\/www.slotfrans.nl\/fr\/wp-json\/wp\/v2\/pages\/892\/revisions\/1466"}],"wp:featuredmedia":[{"embeddable":true,"href":"https:\/\/www.slotfrans.nl\/fr\/wp-json\/wp\/v2\/media\/721"}],"wp:attachment":[{"href":"https:\/\/www.slotfrans.nl\/fr\/wp-json\/wp\/v2\/media?parent=892"}],"curies":[{"name":"wp","href":"https:\/\/api.w.org\/{rel}","templated":true}]}}