{"id":907,"date":"2021-07-02T13:01:12","date_gmt":"2021-07-02T13:01:12","guid":{"rendered":"https:\/\/www.slotfrans.nl\/contact\/"},"modified":"2022-02-24T08:27:25","modified_gmt":"2022-02-24T08:27:25","slug":"contact","status":"publish","type":"page","link":"https:\/\/www.slotfrans.nl\/fr\/contact\/","title":{"rendered":"Contact"},"content":{"rendered":"<p>Veuillez nous contacter pour toutes vos questions.<\/p>\n<div role=\"form\" class=\"wpcf7\" id=\"wpcf7-f911-o1\" lang=\"fr-FR\" dir=\"ltr\">\n<div class=\"screen-reader-response\"><p role=\"status\" aria-live=\"polite\" aria-atomic=\"true\"><\/p> <ul><\/ul><\/div>\n<form action=\"\/fr\/wp-json\/wp\/v2\/pages\/907#wpcf7-f911-o1\" method=\"post\" class=\"wpcf7-form init\" novalidate=\"novalidate\" data-status=\"init\">\n<div style=\"display: none;\">\n<input type=\"hidden\" name=\"_wpcf7\" value=\"911\" \/>\n<input type=\"hidden\" name=\"_wpcf7_version\" value=\"5.5.6\" \/>\n<input type=\"hidden\" name=\"_wpcf7_locale\" value=\"fr_FR\" \/>\n<input type=\"hidden\" name=\"_wpcf7_unit_tag\" value=\"wpcf7-f911-o1\" \/>\n<input type=\"hidden\" name=\"_wpcf7_container_post\" value=\"0\" \/>\n<input type=\"hidden\" name=\"_wpcf7_posted_data_hash\" value=\"\" \/>\n<input type=\"hidden\" name=\"_wpcf7_recaptcha_response\" value=\"\" \/>\n<\/div>\n<div class=\"form_item\">\n<div class=\"label\">Nom*<\/div>\n<div class=\"form_field\"><span class=\"wpcf7-form-control-wrap your-name\"><input type=\"text\" name=\"your-name\" value=\"\" size=\"40\" class=\"wpcf7-form-control wpcf7-text wpcf7-validates-as-required\" aria-required=\"true\" aria-invalid=\"false\" \/><\/span> <\/div>\n<\/div>\n<div class=\"form_item\">\n<div class=\"label\">Adresse e-mail*<\/div>\n<div class=\"form_field\"><span class=\"wpcf7-form-control-wrap email\"><input type=\"email\" name=\"email\" value=\"\" size=\"40\" class=\"wpcf7-form-control wpcf7-text wpcf7-email wpcf7-validates-as-required wpcf7-validates-as-email\" aria-required=\"true\" aria-invalid=\"false\" \/><\/span> <\/div>\n<\/div>\n<div class=\"form_item\">\n<div class=\"label\">Nom de l'entreprise*<\/div>\n<div class=\"form_field\"><span class=\"wpcf7-form-control-wrap companyname\"><input type=\"text\" name=\"companyname\" value=\"\" size=\"40\" class=\"wpcf7-form-control wpcf7-text wpcf7-validates-as-required\" aria-required=\"true\" aria-invalid=\"false\" \/><\/span> <\/div>\n<\/div>\n<div class=\"form_item\">\n<div class=\"label\">Adresse*<\/div>\n<div class=\"form_field\"><span class=\"wpcf7-form-control-wrap address\"><input type=\"text\" name=\"address\" value=\"\" size=\"40\" class=\"wpcf7-form-control wpcf7-text wpcf7-validates-as-required\" aria-required=\"true\" aria-invalid=\"false\" \/><\/span> <\/div>\n<\/div>\n<div class=\"form_item\">\n<div class=\"label\">Code postal*<\/div>\n<div class=\"form_field\"><span class=\"wpcf7-form-control-wrap postcode\"><input type=\"text\" name=\"postcode\" value=\"\" size=\"40\" class=\"wpcf7-form-control wpcf7-text wpcf7-validates-as-required\" aria-required=\"true\" aria-invalid=\"false\" \/><\/span> <\/div>\n<\/div>\n<div class=\"form_item\">\n<div class=\"label\">Pays*<\/div>\n<div class=\"form_field\"><span class=\"wpcf7-form-control-wrap country\"><input type=\"text\" name=\"country\" value=\"\" size=\"40\" class=\"wpcf7-form-control wpcf7-text wpcf7-validates-as-required\" aria-required=\"true\" aria-invalid=\"false\" \/><\/span> <\/div>\n<\/div>\n<div class=\"form_item\">\n<div class=\"label\">Num\u00e9ro de t\u00e9l\u00e9phone bureau<\/div>\n<div class=\"form_field\"><span class=\"wpcf7-form-control-wrap officephone\"><input type=\"text\" name=\"officephone\" value=\"\" size=\"40\" class=\"wpcf7-form-control wpcf7-text\" aria-invalid=\"false\" \/><\/span> <\/div>\n<\/div>\n<div class=\"form_item\">\n<div class=\"label\">num\u00e9ro de t\u00e9l\u00e9phone portable<\/div>\n<div class=\"form_field\"><span class=\"wpcf7-form-control-wrap phone-number\"><input type=\"text\" name=\"phone-number\" value=\"\" size=\"40\" class=\"wpcf7-form-control wpcf7-text\" aria-invalid=\"false\" \/><\/span> <\/div>\n<\/div>\n<div class=\"form_item\">\n<div class=\"label\">Site Internet<\/div>\n<div class=\"form_field\"><span class=\"wpcf7-form-control-wrap website\"><input type=\"url\" name=\"website\" value=\"\" size=\"40\" class=\"wpcf7-form-control wpcf7-text wpcf7-url wpcf7-validates-as-url\" aria-invalid=\"false\" \/><\/span><\/div>\n<\/div>\n<div class=\"form_item\">\n<div class=\"label\">Sujet*<\/div>\n<div class=\"form_field\"><span class=\"wpcf7-form-control-wrap subject\"><input type=\"text\" name=\"subject\" value=\"\" size=\"40\" class=\"wpcf7-form-control wpcf7-text wpcf7-validates-as-required\" aria-required=\"true\" aria-invalid=\"false\" \/><\/span> <\/div>\n<\/div>\n<div class=\"form_item\">\n<div class=\"label\">Ta question*<\/div>\n<div class=\"form_field\"><span class=\"wpcf7-form-control-wrap question\"><textarea name=\"question\" cols=\"40\" rows=\"10\" class=\"wpcf7-form-control wpcf7-textarea wpcf7-validates-as-required\" aria-required=\"true\" aria-invalid=\"false\"><\/textarea><\/span> <\/div>\n<\/div>\n<div class=\"form_item\">\n<div class=\"label\"><\/div>\n<div class=\"form_field\"><input type=\"submit\" value=\"Envoyez\" class=\"wpcf7-form-control has-spinner wpcf7-submit\" \/><\/div>\n<\/div>\n<div class=\"wpcf7-response-output\" aria-hidden=\"true\"><\/div><\/form><\/div>\n<p>&nbsp;<\/p>\n","protected":false},"excerpt":{"rendered":"<p>Veuillez nous contacter pour toutes vos questions. &nbsp;<\/p>\n","protected":false},"author":1,"featured_media":0,"parent":0,"menu_order":5,"comment_status":"closed","ping_status":"closed","template":"","meta":{"footnotes":""},"class_list":["post-907","page","type-page","status-publish","hentry"],"yoast_head":"<!-- This site is optimized with the Yoast SEO plugin v18.3 - https:\/\/yoast.com\/wordpress\/plugins\/seo\/ -->\n<title>Contact - Slot Frans &amp; Co. B.V.<\/title>\n<meta name=\"description\" content=\"Veuillez nous contacter pour toutes vos questions. N&#039;h\u00e9sitez pas \u00e0 nous appeler, nous envoyer un e-mail ou un message WhatsApp au +31 113 31 15 81\" \/>\n<meta name=\"robots\" content=\"index, follow, max-snippet:-1, max-image-preview:large, max-video-preview:-1\" \/>\n<link rel=\"canonical\" href=\"https:\/\/www.slotfrans.nl\/fr\/contact\/\" \/>\n<meta property=\"og:locale\" content=\"fr_FR\" \/>\n<meta property=\"og:type\" content=\"article\" \/>\n<meta property=\"og:title\" content=\"Contact - Slot Frans &amp; Co. B.V.\" \/>\n<meta property=\"og:description\" content=\"Veuillez nous contacter pour toutes vos questions. N&#039;h\u00e9sitez pas \u00e0 nous appeler, nous envoyer un e-mail ou un message WhatsApp au +31 113 31 15 81\" \/>\n<meta property=\"og:url\" content=\"https:\/\/www.slotfrans.nl\/fr\/contact\/\" \/>\n<meta property=\"og:site_name\" content=\"Slot Frans &amp; Co. B.V.\" \/>\n<meta property=\"article:modified_time\" content=\"2022-02-24T08:27:25+00:00\" \/>\n<meta name=\"twitter:card\" content=\"summary_large_image\" \/>\n<script type=\"application\/ld+json\" class=\"yoast-schema-graph\">{\"@context\":\"https:\/\/schema.org\",\"@graph\":[{\"@type\":\"WebSite\",\"@id\":\"https:\/\/www.slotfrans.nl\/#website\",\"url\":\"https:\/\/www.slotfrans.nl\/\",\"name\":\"Slot Frans &amp; Co. B.V.\",\"description\":\"Worldwide export of agricultural produce and food commodity trading\",\"potentialAction\":[{\"@type\":\"SearchAction\",\"target\":{\"@type\":\"EntryPoint\",\"urlTemplate\":\"https:\/\/www.slotfrans.nl\/?s={search_term_string}\"},\"query-input\":\"required name=search_term_string\"}],\"inLanguage\":\"fr-FR\"},{\"@type\":\"WebPage\",\"@id\":\"https:\/\/www.slotfrans.nl\/fr\/contact\/#webpage\",\"url\":\"https:\/\/www.slotfrans.nl\/fr\/contact\/\",\"name\":\"Contact - Slot Frans &amp; Co. B.V.\",\"isPartOf\":{\"@id\":\"https:\/\/www.slotfrans.nl\/#website\"},\"datePublished\":\"2021-07-02T13:01:12+00:00\",\"dateModified\":\"2022-02-24T08:27:25+00:00\",\"description\":\"Veuillez nous contacter pour toutes vos questions. N'h\u00e9sitez pas \u00e0 nous appeler, nous envoyer un e-mail ou un message WhatsApp au +31 113 31 15 81\",\"breadcrumb\":{\"@id\":\"https:\/\/www.slotfrans.nl\/fr\/contact\/#breadcrumb\"},\"inLanguage\":\"fr-FR\",\"potentialAction\":[{\"@type\":\"ReadAction\",\"target\":[\"https:\/\/www.slotfrans.nl\/fr\/contact\/\"]}]},{\"@type\":\"BreadcrumbList\",\"@id\":\"https:\/\/www.slotfrans.nl\/fr\/contact\/#breadcrumb\",\"itemListElement\":[{\"@type\":\"ListItem\",\"position\":1,\"name\":\"Home\",\"item\":\"https:\/\/www.slotfrans.nl\/fr\/\"},{\"@type\":\"ListItem\",\"position\":2,\"name\":\"Contact\"}]}]}<\/script>\n<!-- \/ Yoast SEO plugin. -->","yoast_head_json":{"title":"Contact - Slot Frans &amp; Co. B.V.","description":"Veuillez nous contacter pour toutes vos questions. N'h\u00e9sitez pas \u00e0 nous appeler, nous envoyer un e-mail ou un message WhatsApp au +31 113 31 15 81","robots":{"index":"index","follow":"follow","max-snippet":"max-snippet:-1","max-image-preview":"max-image-preview:large","max-video-preview":"max-video-preview:-1"},"canonical":"https:\/\/www.slotfrans.nl\/fr\/contact\/","og_locale":"fr_FR","og_type":"article","og_title":"Contact - Slot Frans &amp; Co. B.V.","og_description":"Veuillez nous contacter pour toutes vos questions. N'h\u00e9sitez pas \u00e0 nous appeler, nous envoyer un e-mail ou un message WhatsApp au +31 113 31 15 81","og_url":"https:\/\/www.slotfrans.nl\/fr\/contact\/","og_site_name":"Slot Frans &amp; Co. B.V.","article_modified_time":"2022-02-24T08:27:25+00:00","twitter_card":"summary_large_image","schema":{"@context":"https:\/\/schema.org","@graph":[{"@type":"WebSite","@id":"https:\/\/www.slotfrans.nl\/#website","url":"https:\/\/www.slotfrans.nl\/","name":"Slot Frans &amp; Co. B.V.","description":"Worldwide export of agricultural produce and food commodity trading","potentialAction":[{"@type":"SearchAction","target":{"@type":"EntryPoint","urlTemplate":"https:\/\/www.slotfrans.nl\/?s={search_term_string}"},"query-input":"required name=search_term_string"}],"inLanguage":"fr-FR"},{"@type":"WebPage","@id":"https:\/\/www.slotfrans.nl\/fr\/contact\/#webpage","url":"https:\/\/www.slotfrans.nl\/fr\/contact\/","name":"Contact - Slot Frans &amp; Co. B.V.","isPartOf":{"@id":"https:\/\/www.slotfrans.nl\/#website"},"datePublished":"2021-07-02T13:01:12+00:00","dateModified":"2022-02-24T08:27:25+00:00","description":"Veuillez nous contacter pour toutes vos questions. N'h\u00e9sitez pas \u00e0 nous appeler, nous envoyer un e-mail ou un message WhatsApp au +31 113 31 15 81","breadcrumb":{"@id":"https:\/\/www.slotfrans.nl\/fr\/contact\/#breadcrumb"},"inLanguage":"fr-FR","potentialAction":[{"@type":"ReadAction","target":["https:\/\/www.slotfrans.nl\/fr\/contact\/"]}]},{"@type":"BreadcrumbList","@id":"https:\/\/www.slotfrans.nl\/fr\/contact\/#breadcrumb","itemListElement":[{"@type":"ListItem","position":1,"name":"Home","item":"https:\/\/www.slotfrans.nl\/fr\/"},{"@type":"ListItem","position":2,"name":"Contact"}]}]}},"acf":[],"_links":{"self":[{"href":"https:\/\/www.slotfrans.nl\/fr\/wp-json\/wp\/v2\/pages\/907","targetHints":{"allow":["GET"]}}],"collection":[{"href":"https:\/\/www.slotfrans.nl\/fr\/wp-json\/wp\/v2\/pages"}],"about":[{"href":"https:\/\/www.slotfrans.nl\/fr\/wp-json\/wp\/v2\/types\/page"}],"author":[{"embeddable":true,"href":"https:\/\/www.slotfrans.nl\/fr\/wp-json\/wp\/v2\/users\/1"}],"replies":[{"embeddable":true,"href":"https:\/\/www.slotfrans.nl\/fr\/wp-json\/wp\/v2\/comments?post=907"}],"version-history":[{"count":1,"href":"https:\/\/www.slotfrans.nl\/fr\/wp-json\/wp\/v2\/pages\/907\/revisions"}],"predecessor-version":[{"id":1217,"href":"https:\/\/www.slotfrans.nl\/fr\/wp-json\/wp\/v2\/pages\/907\/revisions\/1217"}],"wp:attachment":[{"href":"https:\/\/www.slotfrans.nl\/fr\/wp-json\/wp\/v2\/media?parent=907"}],"curies":[{"name":"wp","href":"https:\/\/api.w.org\/{rel}","templated":true}]}}