{"id":914,"date":"2021-07-02T13:01:12","date_gmt":"2021-07-02T13:01:12","guid":{"rendered":"https:\/\/www.slotfrans.nl\/about-us\/"},"modified":"2022-04-13T06:44:48","modified_gmt":"2022-04-13T06:44:48","slug":"qui-sommes-nous","status":"publish","type":"page","link":"https:\/\/www.slotfrans.nl\/fr\/qui-sommes-nous\/","title":{"rendered":"Qui sommes-nous"},"content":{"rendered":"<p>Slot Frans &amp; Co. B.V., fond\u00e9e en 1918, est une soci\u00e9t\u00e9 commerciale exp\u00e9riment\u00e9e et fiable avec un r\u00e9seau mondial de fournisseurs, de clients et de partenaires commerciaux logistiques. Notre soci\u00e9t\u00e9 est sp\u00e9cialis\u00e9e dans le n\u00e9goce outre-mer (export\/\u00a0import\/transit) de produits agricoles et horticoles. Nos principaux produits sont les pommes de terre de table, les oignons, l&rsquo;ail, les pommes de terre de semence, les cacahu\u00e8tes et les frites surgel\u00e9es. Nous exportons et importons des produits dans plus de 50\u00a0pays \u00e0 travers le monde. L&rsquo;Am\u00e9rique latine, les Cara\u00efbes, l&rsquo;Afrique de l&rsquo;Ouest et l&rsquo;Asie sont nos principales zones de vente. Notre si\u00e8ge social est situ\u00e9 \u00e0 &lsquo;s-Gravenpolder dans la partie sud-ouest des Pays-Bas.<\/p>\n<p>&nbsp;<\/p>\n","protected":false},"excerpt":{"rendered":"<p>Slot Frans &amp; Co. B.V., fond\u00e9e en 1918, est une soci\u00e9t\u00e9 commerciale exp\u00e9riment\u00e9e et fiable avec un r\u00e9seau mondial de fournisseurs, de clients et de partenaires commerciaux logistiques. Notre soci\u00e9t\u00e9 est sp\u00e9cialis\u00e9e dans le n\u00e9goce outre-mer (export\/\u00a0import\/transit) de produits agricoles et horticoles. Nos principaux produits sont les pommes de terre de table, les oignons, l&rsquo;ail, [&hellip;]<\/p>\n","protected":false},"author":1,"featured_media":571,"parent":0,"menu_order":1,"comment_status":"closed","ping_status":"closed","template":"","meta":{"footnotes":""},"class_list":["post-914","page","type-page","status-publish","has-post-thumbnail","hentry"],"yoast_head":"<!-- This site is optimized with the Yoast SEO plugin v18.3 - https:\/\/yoast.com\/wordpress\/plugins\/seo\/ -->\n<title>Qui sommes-nous - Slot Frans &amp; Co. B.V.<\/title>\n<meta name=\"description\" content=\"Slot Frans &amp; Co. B.V. is specialized in overseas trading (export\/\u00a0import\/transito) of agricultural and horticultural produce.\" \/>\n<meta name=\"robots\" content=\"index, follow, max-snippet:-1, max-image-preview:large, max-video-preview:-1\" \/>\n<link rel=\"canonical\" href=\"https:\/\/www.slotfrans.nl\/fr\/qui-sommes-nous\/\" \/>\n<meta property=\"og:locale\" content=\"fr_FR\" \/>\n<meta property=\"og:type\" content=\"article\" \/>\n<meta property=\"og:title\" content=\"Qui sommes-nous - Slot Frans &amp; Co. B.V.\" \/>\n<meta property=\"og:description\" content=\"Slot Frans &amp; Co. B.V. is specialized in overseas trading (export\/\u00a0import\/transito) of agricultural and horticultural produce.\" \/>\n<meta property=\"og:url\" content=\"https:\/\/www.slotfrans.nl\/fr\/qui-sommes-nous\/\" \/>\n<meta property=\"og:site_name\" content=\"Slot Frans &amp; Co. B.V.\" \/>\n<meta property=\"article:modified_time\" content=\"2022-04-13T06:44:48+00:00\" \/>\n<meta property=\"og:image\" content=\"https:\/\/www.slotfrans.nl\/wp-content\/uploads\/2022\/01\/Website-Onions-tegel-1.jpeg\" \/>\n\t<meta property=\"og:image:width\" content=\"1920\" \/>\n\t<meta property=\"og:image:height\" content=\"1440\" \/>\n\t<meta property=\"og:image:type\" content=\"image\/jpeg\" \/>\n<meta name=\"twitter:card\" content=\"summary_large_image\" \/>\n<meta name=\"twitter:label1\" content=\"Dur\u00e9e de lecture estim\u00e9e\" \/>\n\t<meta name=\"twitter:data1\" content=\"1 minute\" \/>\n<script type=\"application\/ld+json\" class=\"yoast-schema-graph\">{\"@context\":\"https:\/\/schema.org\",\"@graph\":[{\"@type\":\"WebSite\",\"@id\":\"https:\/\/www.slotfrans.nl\/#website\",\"url\":\"https:\/\/www.slotfrans.nl\/\",\"name\":\"Slot Frans &amp; Co. B.V.\",\"description\":\"Worldwide export of agricultural produce and food commodity trading\",\"potentialAction\":[{\"@type\":\"SearchAction\",\"target\":{\"@type\":\"EntryPoint\",\"urlTemplate\":\"https:\/\/www.slotfrans.nl\/?s={search_term_string}\"},\"query-input\":\"required name=search_term_string\"}],\"inLanguage\":\"fr-FR\"},{\"@type\":\"ImageObject\",\"@id\":\"https:\/\/www.slotfrans.nl\/fr\/qui-sommes-nous\/#primaryimage\",\"inLanguage\":\"fr-FR\",\"url\":\"https:\/\/www.slotfrans.nl\/wp-content\/uploads\/2022\/01\/Website-Onions-tegel-1.jpeg\",\"contentUrl\":\"https:\/\/www.slotfrans.nl\/wp-content\/uploads\/2022\/01\/Website-Onions-tegel-1.jpeg\",\"width\":1920,\"height\":1440},{\"@type\":\"WebPage\",\"@id\":\"https:\/\/www.slotfrans.nl\/fr\/qui-sommes-nous\/#webpage\",\"url\":\"https:\/\/www.slotfrans.nl\/fr\/qui-sommes-nous\/\",\"name\":\"Qui sommes-nous - Slot Frans &amp; Co. B.V.\",\"isPartOf\":{\"@id\":\"https:\/\/www.slotfrans.nl\/#website\"},\"primaryImageOfPage\":{\"@id\":\"https:\/\/www.slotfrans.nl\/fr\/qui-sommes-nous\/#primaryimage\"},\"datePublished\":\"2021-07-02T13:01:12+00:00\",\"dateModified\":\"2022-04-13T06:44:48+00:00\",\"description\":\"Slot Frans & Co. B.V. is specialized in overseas trading (export\/\u00a0import\/transito) of agricultural and horticultural produce.\",\"breadcrumb\":{\"@id\":\"https:\/\/www.slotfrans.nl\/fr\/qui-sommes-nous\/#breadcrumb\"},\"inLanguage\":\"fr-FR\",\"potentialAction\":[{\"@type\":\"ReadAction\",\"target\":[\"https:\/\/www.slotfrans.nl\/fr\/qui-sommes-nous\/\"]}]},{\"@type\":\"BreadcrumbList\",\"@id\":\"https:\/\/www.slotfrans.nl\/fr\/qui-sommes-nous\/#breadcrumb\",\"itemListElement\":[{\"@type\":\"ListItem\",\"position\":1,\"name\":\"Home\",\"item\":\"https:\/\/www.slotfrans.nl\/fr\/\"},{\"@type\":\"ListItem\",\"position\":2,\"name\":\"Qui sommes-nous\"}]}]}<\/script>\n<!-- \/ Yoast SEO plugin. -->","yoast_head_json":{"title":"Qui sommes-nous - Slot Frans &amp; Co. B.V.","description":"Slot Frans & Co. B.V. is specialized in overseas trading (export\/\u00a0import\/transito) of agricultural and horticultural produce.","robots":{"index":"index","follow":"follow","max-snippet":"max-snippet:-1","max-image-preview":"max-image-preview:large","max-video-preview":"max-video-preview:-1"},"canonical":"https:\/\/www.slotfrans.nl\/fr\/qui-sommes-nous\/","og_locale":"fr_FR","og_type":"article","og_title":"Qui sommes-nous - Slot Frans &amp; Co. B.V.","og_description":"Slot Frans & Co. B.V. is specialized in overseas trading (export\/\u00a0import\/transito) of agricultural and horticultural produce.","og_url":"https:\/\/www.slotfrans.nl\/fr\/qui-sommes-nous\/","og_site_name":"Slot Frans &amp; Co. B.V.","article_modified_time":"2022-04-13T06:44:48+00:00","og_image":[{"width":1920,"height":1440,"url":"https:\/\/www.slotfrans.nl\/wp-content\/uploads\/2022\/01\/Website-Onions-tegel-1.jpeg","type":"image\/jpeg"}],"twitter_card":"summary_large_image","twitter_misc":{"Dur\u00e9e de lecture estim\u00e9e":"1 minute"},"schema":{"@context":"https:\/\/schema.org","@graph":[{"@type":"WebSite","@id":"https:\/\/www.slotfrans.nl\/#website","url":"https:\/\/www.slotfrans.nl\/","name":"Slot Frans &amp; Co. B.V.","description":"Worldwide export of agricultural produce and food commodity trading","potentialAction":[{"@type":"SearchAction","target":{"@type":"EntryPoint","urlTemplate":"https:\/\/www.slotfrans.nl\/?s={search_term_string}"},"query-input":"required name=search_term_string"}],"inLanguage":"fr-FR"},{"@type":"ImageObject","@id":"https:\/\/www.slotfrans.nl\/fr\/qui-sommes-nous\/#primaryimage","inLanguage":"fr-FR","url":"https:\/\/www.slotfrans.nl\/wp-content\/uploads\/2022\/01\/Website-Onions-tegel-1.jpeg","contentUrl":"https:\/\/www.slotfrans.nl\/wp-content\/uploads\/2022\/01\/Website-Onions-tegel-1.jpeg","width":1920,"height":1440},{"@type":"WebPage","@id":"https:\/\/www.slotfrans.nl\/fr\/qui-sommes-nous\/#webpage","url":"https:\/\/www.slotfrans.nl\/fr\/qui-sommes-nous\/","name":"Qui sommes-nous - Slot Frans &amp; Co. B.V.","isPartOf":{"@id":"https:\/\/www.slotfrans.nl\/#website"},"primaryImageOfPage":{"@id":"https:\/\/www.slotfrans.nl\/fr\/qui-sommes-nous\/#primaryimage"},"datePublished":"2021-07-02T13:01:12+00:00","dateModified":"2022-04-13T06:44:48+00:00","description":"Slot Frans & Co. B.V. is specialized in overseas trading (export\/\u00a0import\/transito) of agricultural and horticultural produce.","breadcrumb":{"@id":"https:\/\/www.slotfrans.nl\/fr\/qui-sommes-nous\/#breadcrumb"},"inLanguage":"fr-FR","potentialAction":[{"@type":"ReadAction","target":["https:\/\/www.slotfrans.nl\/fr\/qui-sommes-nous\/"]}]},{"@type":"BreadcrumbList","@id":"https:\/\/www.slotfrans.nl\/fr\/qui-sommes-nous\/#breadcrumb","itemListElement":[{"@type":"ListItem","position":1,"name":"Home","item":"https:\/\/www.slotfrans.nl\/fr\/"},{"@type":"ListItem","position":2,"name":"Qui sommes-nous"}]}]}},"acf":[],"_links":{"self":[{"href":"https:\/\/www.slotfrans.nl\/fr\/wp-json\/wp\/v2\/pages\/914","targetHints":{"allow":["GET"]}}],"collection":[{"href":"https:\/\/www.slotfrans.nl\/fr\/wp-json\/wp\/v2\/pages"}],"about":[{"href":"https:\/\/www.slotfrans.nl\/fr\/wp-json\/wp\/v2\/types\/page"}],"author":[{"embeddable":true,"href":"https:\/\/www.slotfrans.nl\/fr\/wp-json\/wp\/v2\/users\/1"}],"replies":[{"embeddable":true,"href":"https:\/\/www.slotfrans.nl\/fr\/wp-json\/wp\/v2\/comments?post=914"}],"version-history":[{"count":5,"href":"https:\/\/www.slotfrans.nl\/fr\/wp-json\/wp\/v2\/pages\/914\/revisions"}],"predecessor-version":[{"id":1475,"href":"https:\/\/www.slotfrans.nl\/fr\/wp-json\/wp\/v2\/pages\/914\/revisions\/1475"}],"wp:featuredmedia":[{"embeddable":true,"href":"https:\/\/www.slotfrans.nl\/fr\/wp-json\/wp\/v2\/media\/571"}],"wp:attachment":[{"href":"https:\/\/www.slotfrans.nl\/fr\/wp-json\/wp\/v2\/media?parent=914"}],"curies":[{"name":"wp","href":"https:\/\/api.w.org\/{rel}","templated":true}]}}