{"id":922,"date":"2022-01-31T13:13:26","date_gmt":"2022-01-31T13:13:26","guid":{"rendered":"https:\/\/www.slotfrans.nl\/about-us\/lady-brand\/lady-brand\/"},"modified":"2022-03-11T12:56:08","modified_gmt":"2022-03-11T12:56:08","slug":"lady-brand","status":"publish","type":"page","link":"https:\/\/www.slotfrans.nl\/fr\/qui-sommes-nous\/nos-marques\/lady-brand\/","title":{"rendered":"Lady Brand"},"content":{"rendered":"<p>Notre premi\u00e8re marque bien connue est Lady Brand. Cela a commenc\u00e9 il y a longtemps en 1965. La dame de ce logo porte un costume local. On distingue la tenue du dimanche, la tenue de travail et la tenue sp\u00e9ciale de deuil. Les diff\u00e9rences entre les villages de la province sont grandes. La Z\u00e9lande (la province o\u00f9 se trouve notre bureau) avait le plus de costumes aux Pays-Bas. Chaque \u00eele de la province avait son propre style et elle \u00e9tait port\u00e9e diff\u00e9remment dans les villages.<\/p>\n<p>Nous pouvons offrir Lady Brand pour les produits suivants :<\/p>\n<ul>\n<li>Pomme de terre<\/li>\n<li>Oignons<\/li>\n<li>Ail (sacs et cartons)<\/li>\n<li>Huile de cuisson<\/li>\n<li>Frites surgel\u00e9es<\/li>\n<li>P\u00e2te de tomate<\/li>\n<\/ul>\n<p><em>Autres produits sur demande<\/em><\/p>\n","protected":false},"excerpt":{"rendered":"<p>Notre premi\u00e8re marque bien connue est Lady Brand. Cela a commenc\u00e9 il y a longtemps en 1965. La dame de ce logo porte un costume local. On distingue la tenue du dimanche, la tenue de travail et la tenue sp\u00e9ciale de deuil. Les diff\u00e9rences entre les villages de la province sont grandes. La Z\u00e9lande (la [&hellip;]<\/p>\n","protected":false},"author":1,"featured_media":532,"parent":918,"menu_order":0,"comment_status":"closed","ping_status":"closed","template":"","meta":{"footnotes":""},"class_list":["post-922","page","type-page","status-publish","has-post-thumbnail","hentry"],"yoast_head":"<!-- This site is optimized with the Yoast SEO plugin v18.3 - https:\/\/yoast.com\/wordpress\/plugins\/seo\/ -->\n<title>Lady Brand - Slot Frans &amp; Co. B.V.<\/title>\n<meta name=\"robots\" content=\"index, follow, max-snippet:-1, max-image-preview:large, max-video-preview:-1\" \/>\n<link rel=\"canonical\" href=\"https:\/\/www.slotfrans.nl\/fr\/qui-sommes-nous\/nos-marques\/lady-brand\/\" \/>\n<meta property=\"og:locale\" content=\"fr_FR\" \/>\n<meta property=\"og:type\" content=\"article\" \/>\n<meta property=\"og:title\" content=\"Lady Brand - Slot Frans &amp; Co. B.V.\" \/>\n<meta property=\"og:description\" content=\"Notre premi\u00e8re marque bien connue est Lady Brand. Cela a commenc\u00e9 il y a longtemps en 1965. La dame de ce logo porte un costume local. On distingue la tenue du dimanche, la tenue de travail et la tenue sp\u00e9ciale de deuil. Les diff\u00e9rences entre les villages de la province sont grandes. La Z\u00e9lande (la [&hellip;]\" \/>\n<meta property=\"og:url\" content=\"https:\/\/www.slotfrans.nl\/fr\/qui-sommes-nous\/nos-marques\/lady-brand\/\" \/>\n<meta property=\"og:site_name\" content=\"Slot Frans &amp; Co. B.V.\" \/>\n<meta property=\"article:modified_time\" content=\"2022-03-11T12:56:08+00:00\" \/>\n<meta property=\"og:image\" content=\"https:\/\/www.slotfrans.nl\/wp-content\/uploads\/2021\/07\/Lady-Brand-1.jpg\" \/>\n\t<meta property=\"og:image:width\" content=\"1181\" \/>\n\t<meta property=\"og:image:height\" content=\"548\" \/>\n\t<meta property=\"og:image:type\" content=\"image\/jpeg\" \/>\n<meta name=\"twitter:card\" content=\"summary_large_image\" \/>\n<meta name=\"twitter:label1\" content=\"Dur\u00e9e de lecture estim\u00e9e\" \/>\n\t<meta name=\"twitter:data1\" content=\"1 minute\" \/>\n<script type=\"application\/ld+json\" class=\"yoast-schema-graph\">{\"@context\":\"https:\/\/schema.org\",\"@graph\":[{\"@type\":\"WebSite\",\"@id\":\"https:\/\/www.slotfrans.nl\/#website\",\"url\":\"https:\/\/www.slotfrans.nl\/\",\"name\":\"Slot Frans &amp; Co. B.V.\",\"description\":\"Worldwide export of agricultural produce and food commodity trading\",\"potentialAction\":[{\"@type\":\"SearchAction\",\"target\":{\"@type\":\"EntryPoint\",\"urlTemplate\":\"https:\/\/www.slotfrans.nl\/?s={search_term_string}\"},\"query-input\":\"required name=search_term_string\"}],\"inLanguage\":\"fr-FR\"},{\"@type\":\"ImageObject\",\"@id\":\"https:\/\/www.slotfrans.nl\/fr\/qui-sommes-nous\/nos-marques\/lady-brand\/#primaryimage\",\"inLanguage\":\"fr-FR\",\"url\":\"https:\/\/www.slotfrans.nl\/wp-content\/uploads\/2021\/07\/Lady-Brand-1.jpg\",\"contentUrl\":\"https:\/\/www.slotfrans.nl\/wp-content\/uploads\/2021\/07\/Lady-Brand-1.jpg\",\"width\":1181,\"height\":548},{\"@type\":\"WebPage\",\"@id\":\"https:\/\/www.slotfrans.nl\/fr\/qui-sommes-nous\/nos-marques\/lady-brand\/#webpage\",\"url\":\"https:\/\/www.slotfrans.nl\/fr\/qui-sommes-nous\/nos-marques\/lady-brand\/\",\"name\":\"Lady Brand - Slot Frans &amp; Co. B.V.\",\"isPartOf\":{\"@id\":\"https:\/\/www.slotfrans.nl\/#website\"},\"primaryImageOfPage\":{\"@id\":\"https:\/\/www.slotfrans.nl\/fr\/qui-sommes-nous\/nos-marques\/lady-brand\/#primaryimage\"},\"datePublished\":\"2022-01-31T13:13:26+00:00\",\"dateModified\":\"2022-03-11T12:56:08+00:00\",\"breadcrumb\":{\"@id\":\"https:\/\/www.slotfrans.nl\/fr\/qui-sommes-nous\/nos-marques\/lady-brand\/#breadcrumb\"},\"inLanguage\":\"fr-FR\",\"potentialAction\":[{\"@type\":\"ReadAction\",\"target\":[\"https:\/\/www.slotfrans.nl\/fr\/qui-sommes-nous\/nos-marques\/lady-brand\/\"]}]},{\"@type\":\"BreadcrumbList\",\"@id\":\"https:\/\/www.slotfrans.nl\/fr\/qui-sommes-nous\/nos-marques\/lady-brand\/#breadcrumb\",\"itemListElement\":[{\"@type\":\"ListItem\",\"position\":1,\"name\":\"Home\",\"item\":\"https:\/\/www.slotfrans.nl\/fr\/\"},{\"@type\":\"ListItem\",\"position\":2,\"name\":\"Qui sommes-nous\",\"item\":\"https:\/\/www.slotfrans.nl\/fr\/qui-sommes-nous\/\"},{\"@type\":\"ListItem\",\"position\":3,\"name\":\"Nos marques\",\"item\":\"https:\/\/www.slotfrans.nl\/fr\/qui-sommes-nous\/nos-marques\/\"},{\"@type\":\"ListItem\",\"position\":4,\"name\":\"Lady Brand\"}]}]}<\/script>\n<!-- \/ Yoast SEO plugin. -->","yoast_head_json":{"title":"Lady Brand - Slot Frans &amp; Co. B.V.","robots":{"index":"index","follow":"follow","max-snippet":"max-snippet:-1","max-image-preview":"max-image-preview:large","max-video-preview":"max-video-preview:-1"},"canonical":"https:\/\/www.slotfrans.nl\/fr\/qui-sommes-nous\/nos-marques\/lady-brand\/","og_locale":"fr_FR","og_type":"article","og_title":"Lady Brand - Slot Frans &amp; Co. B.V.","og_description":"Notre premi\u00e8re marque bien connue est Lady Brand. Cela a commenc\u00e9 il y a longtemps en 1965. La dame de ce logo porte un costume local. On distingue la tenue du dimanche, la tenue de travail et la tenue sp\u00e9ciale de deuil. Les diff\u00e9rences entre les villages de la province sont grandes. La Z\u00e9lande (la [&hellip;]","og_url":"https:\/\/www.slotfrans.nl\/fr\/qui-sommes-nous\/nos-marques\/lady-brand\/","og_site_name":"Slot Frans &amp; Co. B.V.","article_modified_time":"2022-03-11T12:56:08+00:00","og_image":[{"width":1181,"height":548,"url":"https:\/\/www.slotfrans.nl\/wp-content\/uploads\/2021\/07\/Lady-Brand-1.jpg","type":"image\/jpeg"}],"twitter_card":"summary_large_image","twitter_misc":{"Dur\u00e9e de lecture estim\u00e9e":"1 minute"},"schema":{"@context":"https:\/\/schema.org","@graph":[{"@type":"WebSite","@id":"https:\/\/www.slotfrans.nl\/#website","url":"https:\/\/www.slotfrans.nl\/","name":"Slot Frans &amp; Co. B.V.","description":"Worldwide export of agricultural produce and food commodity trading","potentialAction":[{"@type":"SearchAction","target":{"@type":"EntryPoint","urlTemplate":"https:\/\/www.slotfrans.nl\/?s={search_term_string}"},"query-input":"required name=search_term_string"}],"inLanguage":"fr-FR"},{"@type":"ImageObject","@id":"https:\/\/www.slotfrans.nl\/fr\/qui-sommes-nous\/nos-marques\/lady-brand\/#primaryimage","inLanguage":"fr-FR","url":"https:\/\/www.slotfrans.nl\/wp-content\/uploads\/2021\/07\/Lady-Brand-1.jpg","contentUrl":"https:\/\/www.slotfrans.nl\/wp-content\/uploads\/2021\/07\/Lady-Brand-1.jpg","width":1181,"height":548},{"@type":"WebPage","@id":"https:\/\/www.slotfrans.nl\/fr\/qui-sommes-nous\/nos-marques\/lady-brand\/#webpage","url":"https:\/\/www.slotfrans.nl\/fr\/qui-sommes-nous\/nos-marques\/lady-brand\/","name":"Lady Brand - Slot Frans &amp; Co. B.V.","isPartOf":{"@id":"https:\/\/www.slotfrans.nl\/#website"},"primaryImageOfPage":{"@id":"https:\/\/www.slotfrans.nl\/fr\/qui-sommes-nous\/nos-marques\/lady-brand\/#primaryimage"},"datePublished":"2022-01-31T13:13:26+00:00","dateModified":"2022-03-11T12:56:08+00:00","breadcrumb":{"@id":"https:\/\/www.slotfrans.nl\/fr\/qui-sommes-nous\/nos-marques\/lady-brand\/#breadcrumb"},"inLanguage":"fr-FR","potentialAction":[{"@type":"ReadAction","target":["https:\/\/www.slotfrans.nl\/fr\/qui-sommes-nous\/nos-marques\/lady-brand\/"]}]},{"@type":"BreadcrumbList","@id":"https:\/\/www.slotfrans.nl\/fr\/qui-sommes-nous\/nos-marques\/lady-brand\/#breadcrumb","itemListElement":[{"@type":"ListItem","position":1,"name":"Home","item":"https:\/\/www.slotfrans.nl\/fr\/"},{"@type":"ListItem","position":2,"name":"Qui sommes-nous","item":"https:\/\/www.slotfrans.nl\/fr\/qui-sommes-nous\/"},{"@type":"ListItem","position":3,"name":"Nos marques","item":"https:\/\/www.slotfrans.nl\/fr\/qui-sommes-nous\/nos-marques\/"},{"@type":"ListItem","position":4,"name":"Lady Brand"}]}]}},"acf":[],"_links":{"self":[{"href":"https:\/\/www.slotfrans.nl\/fr\/wp-json\/wp\/v2\/pages\/922","targetHints":{"allow":["GET"]}}],"collection":[{"href":"https:\/\/www.slotfrans.nl\/fr\/wp-json\/wp\/v2\/pages"}],"about":[{"href":"https:\/\/www.slotfrans.nl\/fr\/wp-json\/wp\/v2\/types\/page"}],"author":[{"embeddable":true,"href":"https:\/\/www.slotfrans.nl\/fr\/wp-json\/wp\/v2\/users\/1"}],"replies":[{"embeddable":true,"href":"https:\/\/www.slotfrans.nl\/fr\/wp-json\/wp\/v2\/comments?post=922"}],"version-history":[{"count":2,"href":"https:\/\/www.slotfrans.nl\/fr\/wp-json\/wp\/v2\/pages\/922\/revisions"}],"predecessor-version":[{"id":1209,"href":"https:\/\/www.slotfrans.nl\/fr\/wp-json\/wp\/v2\/pages\/922\/revisions\/1209"}],"up":[{"embeddable":true,"href":"https:\/\/www.slotfrans.nl\/fr\/wp-json\/wp\/v2\/pages\/918"}],"wp:featuredmedia":[{"embeddable":true,"href":"https:\/\/www.slotfrans.nl\/fr\/wp-json\/wp\/v2\/media\/532"}],"wp:attachment":[{"href":"https:\/\/www.slotfrans.nl\/fr\/wp-json\/wp\/v2\/media?parent=922"}],"curies":[{"name":"wp","href":"https:\/\/api.w.org\/{rel}","templated":true}]}}