{"id":925,"date":"2022-01-31T13:13:36","date_gmt":"2022-01-31T13:13:36","guid":{"rendered":"https:\/\/www.slotfrans.nl\/about-us\/lady-brand\/farmers-pride\/"},"modified":"2022-05-23T14:25:55","modified_gmt":"2022-05-23T14:25:55","slug":"farmers-pride","status":"publish","type":"page","link":"https:\/\/www.slotfrans.nl\/fr\/qui-sommes-nous\/nos-marques\/farmers-pride\/","title":{"rendered":"Farmers Pride"},"content":{"rendered":"<p>Notre deuxi\u00e8me marque est Farmers Pride. Cette marque bien connue a d\u00e9but\u00e9 en 1995. Nos agriculteurs sont fiers, fiers de leurs produits qu&rsquo;ils cultivent avec beaucoup de soin et d&rsquo;attention pour exp\u00e9dier partout dans le monde. La meilleure qualit\u00e9 au meilleur prix.<\/p>\n<p>Nous pouvons offrir Farmers Pride pour les produits suivants\u00a0:<\/p>\n<ul>\n<li>Pomme de terre<\/li>\n<li>Oignons<\/li>\n<li>Huile de cuisson<\/li>\n<li>Ail<\/li>\n<li>P\u00e2te de tomate<\/li>\n<\/ul>\n<p><em>Autres produits sur demande<\/em><\/p>\n","protected":false},"excerpt":{"rendered":"<p>Notre deuxi\u00e8me marque est Farmers Pride. Cette marque bien connue a d\u00e9but\u00e9 en 1995. Nos agriculteurs sont fiers, fiers de leurs produits qu&rsquo;ils cultivent avec beaucoup de soin et d&rsquo;attention pour exp\u00e9dier partout dans le monde. La meilleure qualit\u00e9 au meilleur prix. Nous pouvons offrir Farmers Pride pour les produits suivants\u00a0: Pomme de terre Oignons [&hellip;]<\/p>\n","protected":false},"author":1,"featured_media":535,"parent":918,"menu_order":1,"comment_status":"closed","ping_status":"closed","template":"","meta":{"footnotes":""},"class_list":["post-925","page","type-page","status-publish","has-post-thumbnail","hentry"],"yoast_head":"<!-- This site is optimized with the Yoast SEO plugin v18.3 - https:\/\/yoast.com\/wordpress\/plugins\/seo\/ -->\n<title>Farmers Pride - Slot Frans &amp; Co. B.V.<\/title>\n<meta name=\"robots\" content=\"index, follow, max-snippet:-1, max-image-preview:large, max-video-preview:-1\" \/>\n<link rel=\"canonical\" href=\"https:\/\/www.slotfrans.nl\/fr\/qui-sommes-nous\/nos-marques\/farmers-pride\/\" \/>\n<meta property=\"og:locale\" content=\"fr_FR\" \/>\n<meta property=\"og:type\" content=\"article\" \/>\n<meta property=\"og:title\" content=\"Farmers Pride - Slot Frans &amp; Co. B.V.\" \/>\n<meta property=\"og:description\" content=\"Notre deuxi\u00e8me marque est Farmers Pride. Cette marque bien connue a d\u00e9but\u00e9 en 1995. Nos agriculteurs sont fiers, fiers de leurs produits qu&rsquo;ils cultivent avec beaucoup de soin et d&rsquo;attention pour exp\u00e9dier partout dans le monde. La meilleure qualit\u00e9 au meilleur prix. Nous pouvons offrir Farmers Pride pour les produits suivants\u00a0: Pomme de terre Oignons [&hellip;]\" \/>\n<meta property=\"og:url\" content=\"https:\/\/www.slotfrans.nl\/fr\/qui-sommes-nous\/nos-marques\/farmers-pride\/\" \/>\n<meta property=\"og:site_name\" content=\"Slot Frans &amp; Co. B.V.\" \/>\n<meta property=\"article:modified_time\" content=\"2022-05-23T14:25:55+00:00\" \/>\n<meta property=\"og:image\" content=\"https:\/\/www.slotfrans.nl\/wp-content\/uploads\/2021\/07\/FP.jpg\" \/>\n\t<meta property=\"og:image:width\" content=\"1772\" \/>\n\t<meta property=\"og:image:height\" content=\"499\" \/>\n\t<meta property=\"og:image:type\" content=\"image\/jpeg\" \/>\n<meta name=\"twitter:card\" content=\"summary_large_image\" \/>\n<script type=\"application\/ld+json\" class=\"yoast-schema-graph\">{\"@context\":\"https:\/\/schema.org\",\"@graph\":[{\"@type\":\"WebSite\",\"@id\":\"https:\/\/www.slotfrans.nl\/#website\",\"url\":\"https:\/\/www.slotfrans.nl\/\",\"name\":\"Slot Frans &amp; Co. B.V.\",\"description\":\"Worldwide export of agricultural produce and food commodity trading\",\"potentialAction\":[{\"@type\":\"SearchAction\",\"target\":{\"@type\":\"EntryPoint\",\"urlTemplate\":\"https:\/\/www.slotfrans.nl\/?s={search_term_string}\"},\"query-input\":\"required name=search_term_string\"}],\"inLanguage\":\"fr-FR\"},{\"@type\":\"ImageObject\",\"@id\":\"https:\/\/www.slotfrans.nl\/fr\/qui-sommes-nous\/nos-marques\/farmers-pride\/#primaryimage\",\"inLanguage\":\"fr-FR\",\"url\":\"https:\/\/www.slotfrans.nl\/wp-content\/uploads\/2021\/07\/FP.jpg\",\"contentUrl\":\"https:\/\/www.slotfrans.nl\/wp-content\/uploads\/2021\/07\/FP.jpg\",\"width\":1772,\"height\":499},{\"@type\":\"WebPage\",\"@id\":\"https:\/\/www.slotfrans.nl\/fr\/qui-sommes-nous\/nos-marques\/farmers-pride\/#webpage\",\"url\":\"https:\/\/www.slotfrans.nl\/fr\/qui-sommes-nous\/nos-marques\/farmers-pride\/\",\"name\":\"Farmers Pride - Slot Frans &amp; Co. B.V.\",\"isPartOf\":{\"@id\":\"https:\/\/www.slotfrans.nl\/#website\"},\"primaryImageOfPage\":{\"@id\":\"https:\/\/www.slotfrans.nl\/fr\/qui-sommes-nous\/nos-marques\/farmers-pride\/#primaryimage\"},\"datePublished\":\"2022-01-31T13:13:36+00:00\",\"dateModified\":\"2022-05-23T14:25:55+00:00\",\"breadcrumb\":{\"@id\":\"https:\/\/www.slotfrans.nl\/fr\/qui-sommes-nous\/nos-marques\/farmers-pride\/#breadcrumb\"},\"inLanguage\":\"fr-FR\",\"potentialAction\":[{\"@type\":\"ReadAction\",\"target\":[\"https:\/\/www.slotfrans.nl\/fr\/qui-sommes-nous\/nos-marques\/farmers-pride\/\"]}]},{\"@type\":\"BreadcrumbList\",\"@id\":\"https:\/\/www.slotfrans.nl\/fr\/qui-sommes-nous\/nos-marques\/farmers-pride\/#breadcrumb\",\"itemListElement\":[{\"@type\":\"ListItem\",\"position\":1,\"name\":\"Home\",\"item\":\"https:\/\/www.slotfrans.nl\/fr\/\"},{\"@type\":\"ListItem\",\"position\":2,\"name\":\"Qui sommes-nous\",\"item\":\"https:\/\/www.slotfrans.nl\/fr\/qui-sommes-nous\/\"},{\"@type\":\"ListItem\",\"position\":3,\"name\":\"Nos marques\",\"item\":\"https:\/\/www.slotfrans.nl\/fr\/qui-sommes-nous\/nos-marques\/\"},{\"@type\":\"ListItem\",\"position\":4,\"name\":\"Farmers Pride\"}]}]}<\/script>\n<!-- \/ Yoast SEO plugin. -->","yoast_head_json":{"title":"Farmers Pride - Slot Frans &amp; Co. B.V.","robots":{"index":"index","follow":"follow","max-snippet":"max-snippet:-1","max-image-preview":"max-image-preview:large","max-video-preview":"max-video-preview:-1"},"canonical":"https:\/\/www.slotfrans.nl\/fr\/qui-sommes-nous\/nos-marques\/farmers-pride\/","og_locale":"fr_FR","og_type":"article","og_title":"Farmers Pride - Slot Frans &amp; Co. B.V.","og_description":"Notre deuxi\u00e8me marque est Farmers Pride. Cette marque bien connue a d\u00e9but\u00e9 en 1995. Nos agriculteurs sont fiers, fiers de leurs produits qu&rsquo;ils cultivent avec beaucoup de soin et d&rsquo;attention pour exp\u00e9dier partout dans le monde. La meilleure qualit\u00e9 au meilleur prix. Nous pouvons offrir Farmers Pride pour les produits suivants\u00a0: Pomme de terre Oignons [&hellip;]","og_url":"https:\/\/www.slotfrans.nl\/fr\/qui-sommes-nous\/nos-marques\/farmers-pride\/","og_site_name":"Slot Frans &amp; Co. B.V.","article_modified_time":"2022-05-23T14:25:55+00:00","og_image":[{"width":1772,"height":499,"url":"https:\/\/www.slotfrans.nl\/wp-content\/uploads\/2021\/07\/FP.jpg","type":"image\/jpeg"}],"twitter_card":"summary_large_image","schema":{"@context":"https:\/\/schema.org","@graph":[{"@type":"WebSite","@id":"https:\/\/www.slotfrans.nl\/#website","url":"https:\/\/www.slotfrans.nl\/","name":"Slot Frans &amp; Co. B.V.","description":"Worldwide export of agricultural produce and food commodity trading","potentialAction":[{"@type":"SearchAction","target":{"@type":"EntryPoint","urlTemplate":"https:\/\/www.slotfrans.nl\/?s={search_term_string}"},"query-input":"required name=search_term_string"}],"inLanguage":"fr-FR"},{"@type":"ImageObject","@id":"https:\/\/www.slotfrans.nl\/fr\/qui-sommes-nous\/nos-marques\/farmers-pride\/#primaryimage","inLanguage":"fr-FR","url":"https:\/\/www.slotfrans.nl\/wp-content\/uploads\/2021\/07\/FP.jpg","contentUrl":"https:\/\/www.slotfrans.nl\/wp-content\/uploads\/2021\/07\/FP.jpg","width":1772,"height":499},{"@type":"WebPage","@id":"https:\/\/www.slotfrans.nl\/fr\/qui-sommes-nous\/nos-marques\/farmers-pride\/#webpage","url":"https:\/\/www.slotfrans.nl\/fr\/qui-sommes-nous\/nos-marques\/farmers-pride\/","name":"Farmers Pride - Slot Frans &amp; Co. B.V.","isPartOf":{"@id":"https:\/\/www.slotfrans.nl\/#website"},"primaryImageOfPage":{"@id":"https:\/\/www.slotfrans.nl\/fr\/qui-sommes-nous\/nos-marques\/farmers-pride\/#primaryimage"},"datePublished":"2022-01-31T13:13:36+00:00","dateModified":"2022-05-23T14:25:55+00:00","breadcrumb":{"@id":"https:\/\/www.slotfrans.nl\/fr\/qui-sommes-nous\/nos-marques\/farmers-pride\/#breadcrumb"},"inLanguage":"fr-FR","potentialAction":[{"@type":"ReadAction","target":["https:\/\/www.slotfrans.nl\/fr\/qui-sommes-nous\/nos-marques\/farmers-pride\/"]}]},{"@type":"BreadcrumbList","@id":"https:\/\/www.slotfrans.nl\/fr\/qui-sommes-nous\/nos-marques\/farmers-pride\/#breadcrumb","itemListElement":[{"@type":"ListItem","position":1,"name":"Home","item":"https:\/\/www.slotfrans.nl\/fr\/"},{"@type":"ListItem","position":2,"name":"Qui sommes-nous","item":"https:\/\/www.slotfrans.nl\/fr\/qui-sommes-nous\/"},{"@type":"ListItem","position":3,"name":"Nos marques","item":"https:\/\/www.slotfrans.nl\/fr\/qui-sommes-nous\/nos-marques\/"},{"@type":"ListItem","position":4,"name":"Farmers Pride"}]}]}},"acf":[],"_links":{"self":[{"href":"https:\/\/www.slotfrans.nl\/fr\/wp-json\/wp\/v2\/pages\/925","targetHints":{"allow":["GET"]}}],"collection":[{"href":"https:\/\/www.slotfrans.nl\/fr\/wp-json\/wp\/v2\/pages"}],"about":[{"href":"https:\/\/www.slotfrans.nl\/fr\/wp-json\/wp\/v2\/types\/page"}],"author":[{"embeddable":true,"href":"https:\/\/www.slotfrans.nl\/fr\/wp-json\/wp\/v2\/users\/1"}],"replies":[{"embeddable":true,"href":"https:\/\/www.slotfrans.nl\/fr\/wp-json\/wp\/v2\/comments?post=925"}],"version-history":[{"count":3,"href":"https:\/\/www.slotfrans.nl\/fr\/wp-json\/wp\/v2\/pages\/925\/revisions"}],"predecessor-version":[{"id":1211,"href":"https:\/\/www.slotfrans.nl\/fr\/wp-json\/wp\/v2\/pages\/925\/revisions\/1211"}],"up":[{"embeddable":true,"href":"https:\/\/www.slotfrans.nl\/fr\/wp-json\/wp\/v2\/pages\/918"}],"wp:featuredmedia":[{"embeddable":true,"href":"https:\/\/www.slotfrans.nl\/fr\/wp-json\/wp\/v2\/media\/535"}],"wp:attachment":[{"href":"https:\/\/www.slotfrans.nl\/fr\/wp-json\/wp\/v2\/media?parent=925"}],"curies":[{"name":"wp","href":"https:\/\/api.w.org\/{rel}","templated":true}]}}