{"id":931,"date":"2021-07-02T13:01:12","date_gmt":"2021-07-02T13:01:12","guid":{"rendered":"https:\/\/www.slotfrans.nl\/services\/"},"modified":"2022-04-12T11:34:43","modified_gmt":"2022-04-12T11:34:43","slug":"nos-services","status":"publish","type":"page","link":"https:\/\/www.slotfrans.nl\/fr\/nos-services\/","title":{"rendered":"Nos services"},"content":{"rendered":"<p><strong>Juste ce petit plus<\/strong><\/p>\n<p>Notre \u00e9quipe de vente est toujours pr\u00eate \u00e0 vous servir de mani\u00e8re professionnelle et fructueuse. En collaboration avec vous, nos producteurs, fournisseurs et partenaires logistiques, nous proposons des produits de haute qualit\u00e9 \u00e0 un prix comp\u00e9titif sur le march\u00e9 au bon moment et au bon endroit. Nos gens, notre exp\u00e9rience et notre excellent service vous surprendront.<\/p>\n<p><strong>Nous sommes sp\u00e9cialistes des petites s\u00e9ries<\/strong><\/p>\n<p>Notre \u00e9quipe d&rsquo;exp\u00e9dition exp\u00e9riment\u00e9e g\u00e8re tous les tenants et les aboutissants, avant, pendant et apr\u00e8s le chargement et l&rsquo;exp\u00e9dition, tels que les inspections avant exp\u00e9dition, le camionnage int\u00e9rieur des conteneurs et les documents douaniers \u00e0 l&rsquo;exportation. Une fois vos marchandises exp\u00e9di\u00e9es, nous surveillons les exp\u00e9ditions et tenons nos clients inform\u00e9s avec des informations actualis\u00e9es sur le transbordement et l&rsquo;arriv\u00e9e. La majorit\u00e9 de nos produits sont exp\u00e9di\u00e9s en 40 pieds. h.c. conteneurs frigorifiques, temp\u00e9rature et humidit\u00e9 contr\u00f4l\u00e9es. Nous visons toujours la livraison \u00e0 temps de vos marchandises et documents dans le monde entier.<\/p>\n<p>&nbsp;<\/p>\n<p><em>Profitez de faire affaire avec nous!<\/em><\/p>\n","protected":false},"excerpt":{"rendered":"<p>Juste ce petit plus Notre \u00e9quipe de vente est toujours pr\u00eate \u00e0 vous servir de mani\u00e8re professionnelle et fructueuse. En collaboration avec vous, nos producteurs, fournisseurs et partenaires logistiques, nous proposons des produits de haute qualit\u00e9 \u00e0 un prix comp\u00e9titif sur le march\u00e9 au bon moment et au bon endroit. Nos gens, notre exp\u00e9rience et [&hellip;]<\/p>\n","protected":false},"author":1,"featured_media":775,"parent":0,"menu_order":4,"comment_status":"closed","ping_status":"closed","template":"","meta":{"footnotes":""},"class_list":["post-931","page","type-page","status-publish","has-post-thumbnail","hentry"],"yoast_head":"<!-- This site is optimized with the Yoast SEO plugin v18.3 - https:\/\/yoast.com\/wordpress\/plugins\/seo\/ -->\n<title>Nos services - Slot Frans &amp; Co. B.V.<\/title>\n<meta name=\"robots\" content=\"index, follow, max-snippet:-1, max-image-preview:large, max-video-preview:-1\" \/>\n<link rel=\"canonical\" href=\"https:\/\/www.slotfrans.nl\/fr\/nos-services\/\" \/>\n<meta property=\"og:locale\" content=\"fr_FR\" \/>\n<meta property=\"og:type\" content=\"article\" \/>\n<meta property=\"og:title\" content=\"Nos services - Slot Frans &amp; Co. B.V.\" \/>\n<meta property=\"og:description\" content=\"Juste ce petit plus Notre \u00e9quipe de vente est toujours pr\u00eate \u00e0 vous servir de mani\u00e8re professionnelle et fructueuse. En collaboration avec vous, nos producteurs, fournisseurs et partenaires logistiques, nous proposons des produits de haute qualit\u00e9 \u00e0 un prix comp\u00e9titif sur le march\u00e9 au bon moment et au bon endroit. Nos gens, notre exp\u00e9rience et [&hellip;]\" \/>\n<meta property=\"og:url\" content=\"https:\/\/www.slotfrans.nl\/fr\/nos-services\/\" \/>\n<meta property=\"og:site_name\" content=\"Slot Frans &amp; Co. B.V.\" \/>\n<meta property=\"article:modified_time\" content=\"2022-04-12T11:34:43+00:00\" \/>\n<meta property=\"og:image\" content=\"https:\/\/www.slotfrans.nl\/wp-content\/uploads\/2022\/02\/Logo-Lady-Brand-SFCO.jpg\" \/>\n\t<meta property=\"og:image:width\" content=\"387\" \/>\n\t<meta property=\"og:image:height\" content=\"388\" \/>\n\t<meta property=\"og:image:type\" content=\"image\/jpeg\" \/>\n<meta name=\"twitter:card\" content=\"summary_large_image\" \/>\n<meta name=\"twitter:label1\" content=\"Dur\u00e9e de lecture estim\u00e9e\" \/>\n\t<meta name=\"twitter:data1\" content=\"1 minute\" \/>\n<script type=\"application\/ld+json\" class=\"yoast-schema-graph\">{\"@context\":\"https:\/\/schema.org\",\"@graph\":[{\"@type\":\"WebSite\",\"@id\":\"https:\/\/www.slotfrans.nl\/#website\",\"url\":\"https:\/\/www.slotfrans.nl\/\",\"name\":\"Slot Frans &amp; Co. B.V.\",\"description\":\"Worldwide export of agricultural produce and food commodity trading\",\"potentialAction\":[{\"@type\":\"SearchAction\",\"target\":{\"@type\":\"EntryPoint\",\"urlTemplate\":\"https:\/\/www.slotfrans.nl\/?s={search_term_string}\"},\"query-input\":\"required name=search_term_string\"}],\"inLanguage\":\"fr-FR\"},{\"@type\":\"ImageObject\",\"@id\":\"https:\/\/www.slotfrans.nl\/fr\/nos-services\/#primaryimage\",\"inLanguage\":\"fr-FR\",\"url\":\"https:\/\/www.slotfrans.nl\/wp-content\/uploads\/2022\/02\/Logo-Lady-Brand-SFCO.jpg\",\"contentUrl\":\"https:\/\/www.slotfrans.nl\/wp-content\/uploads\/2022\/02\/Logo-Lady-Brand-SFCO.jpg\",\"width\":387,\"height\":388},{\"@type\":\"WebPage\",\"@id\":\"https:\/\/www.slotfrans.nl\/fr\/nos-services\/#webpage\",\"url\":\"https:\/\/www.slotfrans.nl\/fr\/nos-services\/\",\"name\":\"Nos services - Slot Frans &amp; Co. B.V.\",\"isPartOf\":{\"@id\":\"https:\/\/www.slotfrans.nl\/#website\"},\"primaryImageOfPage\":{\"@id\":\"https:\/\/www.slotfrans.nl\/fr\/nos-services\/#primaryimage\"},\"datePublished\":\"2021-07-02T13:01:12+00:00\",\"dateModified\":\"2022-04-12T11:34:43+00:00\",\"breadcrumb\":{\"@id\":\"https:\/\/www.slotfrans.nl\/fr\/nos-services\/#breadcrumb\"},\"inLanguage\":\"fr-FR\",\"potentialAction\":[{\"@type\":\"ReadAction\",\"target\":[\"https:\/\/www.slotfrans.nl\/fr\/nos-services\/\"]}]},{\"@type\":\"BreadcrumbList\",\"@id\":\"https:\/\/www.slotfrans.nl\/fr\/nos-services\/#breadcrumb\",\"itemListElement\":[{\"@type\":\"ListItem\",\"position\":1,\"name\":\"Home\",\"item\":\"https:\/\/www.slotfrans.nl\/fr\/\"},{\"@type\":\"ListItem\",\"position\":2,\"name\":\"Nos services\"}]}]}<\/script>\n<!-- \/ Yoast SEO plugin. -->","yoast_head_json":{"title":"Nos services - Slot Frans &amp; Co. B.V.","robots":{"index":"index","follow":"follow","max-snippet":"max-snippet:-1","max-image-preview":"max-image-preview:large","max-video-preview":"max-video-preview:-1"},"canonical":"https:\/\/www.slotfrans.nl\/fr\/nos-services\/","og_locale":"fr_FR","og_type":"article","og_title":"Nos services - Slot Frans &amp; Co. B.V.","og_description":"Juste ce petit plus Notre \u00e9quipe de vente est toujours pr\u00eate \u00e0 vous servir de mani\u00e8re professionnelle et fructueuse. En collaboration avec vous, nos producteurs, fournisseurs et partenaires logistiques, nous proposons des produits de haute qualit\u00e9 \u00e0 un prix comp\u00e9titif sur le march\u00e9 au bon moment et au bon endroit. Nos gens, notre exp\u00e9rience et [&hellip;]","og_url":"https:\/\/www.slotfrans.nl\/fr\/nos-services\/","og_site_name":"Slot Frans &amp; Co. B.V.","article_modified_time":"2022-04-12T11:34:43+00:00","og_image":[{"width":387,"height":388,"url":"https:\/\/www.slotfrans.nl\/wp-content\/uploads\/2022\/02\/Logo-Lady-Brand-SFCO.jpg","type":"image\/jpeg"}],"twitter_card":"summary_large_image","twitter_misc":{"Dur\u00e9e de lecture estim\u00e9e":"1 minute"},"schema":{"@context":"https:\/\/schema.org","@graph":[{"@type":"WebSite","@id":"https:\/\/www.slotfrans.nl\/#website","url":"https:\/\/www.slotfrans.nl\/","name":"Slot Frans &amp; Co. B.V.","description":"Worldwide export of agricultural produce and food commodity trading","potentialAction":[{"@type":"SearchAction","target":{"@type":"EntryPoint","urlTemplate":"https:\/\/www.slotfrans.nl\/?s={search_term_string}"},"query-input":"required name=search_term_string"}],"inLanguage":"fr-FR"},{"@type":"ImageObject","@id":"https:\/\/www.slotfrans.nl\/fr\/nos-services\/#primaryimage","inLanguage":"fr-FR","url":"https:\/\/www.slotfrans.nl\/wp-content\/uploads\/2022\/02\/Logo-Lady-Brand-SFCO.jpg","contentUrl":"https:\/\/www.slotfrans.nl\/wp-content\/uploads\/2022\/02\/Logo-Lady-Brand-SFCO.jpg","width":387,"height":388},{"@type":"WebPage","@id":"https:\/\/www.slotfrans.nl\/fr\/nos-services\/#webpage","url":"https:\/\/www.slotfrans.nl\/fr\/nos-services\/","name":"Nos services - Slot Frans &amp; Co. B.V.","isPartOf":{"@id":"https:\/\/www.slotfrans.nl\/#website"},"primaryImageOfPage":{"@id":"https:\/\/www.slotfrans.nl\/fr\/nos-services\/#primaryimage"},"datePublished":"2021-07-02T13:01:12+00:00","dateModified":"2022-04-12T11:34:43+00:00","breadcrumb":{"@id":"https:\/\/www.slotfrans.nl\/fr\/nos-services\/#breadcrumb"},"inLanguage":"fr-FR","potentialAction":[{"@type":"ReadAction","target":["https:\/\/www.slotfrans.nl\/fr\/nos-services\/"]}]},{"@type":"BreadcrumbList","@id":"https:\/\/www.slotfrans.nl\/fr\/nos-services\/#breadcrumb","itemListElement":[{"@type":"ListItem","position":1,"name":"Home","item":"https:\/\/www.slotfrans.nl\/fr\/"},{"@type":"ListItem","position":2,"name":"Nos services"}]}]}},"acf":[],"_links":{"self":[{"href":"https:\/\/www.slotfrans.nl\/fr\/wp-json\/wp\/v2\/pages\/931","targetHints":{"allow":["GET"]}}],"collection":[{"href":"https:\/\/www.slotfrans.nl\/fr\/wp-json\/wp\/v2\/pages"}],"about":[{"href":"https:\/\/www.slotfrans.nl\/fr\/wp-json\/wp\/v2\/types\/page"}],"author":[{"embeddable":true,"href":"https:\/\/www.slotfrans.nl\/fr\/wp-json\/wp\/v2\/users\/1"}],"replies":[{"embeddable":true,"href":"https:\/\/www.slotfrans.nl\/fr\/wp-json\/wp\/v2\/comments?post=931"}],"version-history":[{"count":3,"href":"https:\/\/www.slotfrans.nl\/fr\/wp-json\/wp\/v2\/pages\/931\/revisions"}],"predecessor-version":[{"id":1467,"href":"https:\/\/www.slotfrans.nl\/fr\/wp-json\/wp\/v2\/pages\/931\/revisions\/1467"}],"wp:featuredmedia":[{"embeddable":true,"href":"https:\/\/www.slotfrans.nl\/fr\/wp-json\/wp\/v2\/media\/775"}],"wp:attachment":[{"href":"https:\/\/www.slotfrans.nl\/fr\/wp-json\/wp\/v2\/media?parent=931"}],"curies":[{"name":"wp","href":"https:\/\/api.w.org\/{rel}","templated":true}]}}